{"id":69,"date":"2012-04-30T07:21:52","date_gmt":"2012-04-30T05:21:52","guid":{"rendered":"https:\/\/project.yumm.at\/imageproduct\/produkt\/farbpass-damen-sommer\/"},"modified":"2025-03-03T07:05:45","modified_gmt":"2025-03-03T06:05:45","slug":"farbpass-damen-sommer","status":"publish","type":"product","link":"https:\/\/www.imageproduct.com\/english\/shop-2\/farbpaesse\/finaltuecher-damen\/farbpass-damen-sommer\/","title":{"rendered":"COLOR SWATCH WALLET LADIES - SUMMER"},"content":{"rendered":"<p>Each COLOR SWATCH WALLET contains 36 fabrics in the individual color palette of 10 tones (spring, summer, fall, winter- for women and men; and light, dark, cool, warm, muted, clear) and they are cut into 3 areas: basic, light and intense colors.<\/p>\n<p>The numbering of the nuances allows an easy and perfect combination for your client.<\/p>\n<p>At the backside there are advices for wardrobe and accessories as well as space for your contact information. Transparent envelope included<\/p>\n<p><em>Size: opened: 42 x 15 cm, folded like a leporello<\/em><\/p>","protected":false},"excerpt":{"rendered":"<p>Jeder Farbpass (Fr\u00fchling, Sommer, Herbst, Winter) beinhaltet 36 Stoffmuster in typgerechten Nuancen, unterteilt in Basis-, helle und kr\u00e4ftige Farben, sowie bei den Herren 6 Hemden- und 6 Anzugstoffe, uni und gemustert. Die Nummerierung der Stoffe bietet die M\u00f6glichkeit, individuell-optimale Kombinatorik f\u00fcr jeden Anlass zu erarbeiten. Auf der R\u00fcckseite befinden sich verbrauchergerechte Informationen f\u00fcr Kleidung und [&hellip;]<\/p>\n","protected":false},"featured_media":3917,"template":"","meta":{"inline_featured_image":false,"site-sidebar-layout":"default","site-content-layout":"default","ast-site-content-layout":"default","site-content-style":"default","site-sidebar-style":"default","ast-global-header-display":"","ast-banner-title-visibility":"","ast-main-header-display":"","ast-hfb-above-header-display":"","ast-hfb-below-header-display":"","ast-hfb-mobile-header-display":"","site-post-title":"","ast-breadcrumbs-content":"","ast-featured-img":"","footer-sml-layout":"","ast-disable-related-posts":"","theme-transparent-header-meta":"default","adv-header-id-meta":"","stick-header-meta":"","header-above-stick-meta":"","header-main-stick-meta":"","header-below-stick-meta":"","astra-migrate-meta-layouts":"default","ast-page-background-enabled":"default","ast-page-background-meta":{"desktop":{"background-color":"","background-image":"","background-repeat":"repeat","background-position":"center center","background-size":"auto","background-attachment":"scroll","background-type":"","background-media":"","overlay-type":"","overlay-color":"","overlay-opacity":"","overlay-gradient":""},"tablet":{"background-color":"","background-image":"","background-repeat":"repeat","background-position":"center center","background-size":"auto","background-attachment":"scroll","background-type":"","background-media":"","overlay-type":"","overlay-color":"","overlay-opacity":"","overlay-gradient":""},"mobile":{"background-color":"","background-image":"","background-repeat":"repeat","background-position":"center center","background-size":"auto","background-attachment":"scroll","background-type":"","background-media":"","overlay-type":"","overlay-color":"","overlay-opacity":"","overlay-gradient":""}},"ast-content-background-meta":{"desktop":{"background-color":"var(--ast-global-color-5)","background-image":"","background-repeat":"repeat","background-position":"center center","background-size":"auto","background-attachment":"scroll","background-type":"","background-media":"","overlay-type":"","overlay-color":"","overlay-opacity":"","overlay-gradient":""},"tablet":{"background-color":"var(--ast-global-color-5)","background-image":"","background-repeat":"repeat","background-position":"center center","background-size":"auto","background-attachment":"scroll","background-type":"","background-media":"","overlay-type":"","overlay-color":"","overlay-opacity":"","overlay-gradient":""},"mobile":{"background-color":"var(--ast-global-color-5)","background-image":"","background-repeat":"repeat","background-position":"center center","background-size":"auto","background-attachment":"scroll","background-type":"","background-media":"","overlay-type":"","overlay-color":"","overlay-opacity":"","overlay-gradient":""}}},"product_brand":[],"product_cat":[52],"product_tag":[],"class_list":{"0":"post-69","1":"product","2":"type-product","3":"status-publish","4":"has-post-thumbnail","6":"product_cat-finaltuecher-damen","7":"desktop-align-left","8":"tablet-align-left","9":"mobile-align-left","10":"ast-product-gallery-layout-horizontal-slider","11":"ast-product-gallery-with-no-image","12":"ast-magnify-disabled","13":"ast-product-tabs-layout-horizontal","15":"first","16":"instock","17":"taxable","18":"shipping-taxable","19":"purchasable","20":"product-type-simple"},"yoast_head":"<!-- This site is optimized with the Yoast SEO plugin v27.4 - https:\/\/yoast.com\/product\/yoast-seo-wordpress\/ -->\n<title>Farbpass Damen - Sommer - IMAGE PRODUCT<\/title>\n<meta name=\"robots\" content=\"index, follow, max-snippet:-1, max-image-preview:large, max-video-preview:-1\" \/>\n<link rel=\"canonical\" href=\"https:\/\/www.imageproduct.com\/english\/shop-2\/farbpaesse\/finaltuecher-damen\/farbpass-damen-sommer\/\" \/>\n<meta property=\"og:locale\" content=\"en_GB\" \/>\n<meta property=\"og:type\" content=\"article\" \/>\n<meta property=\"og:title\" content=\"Farbpass Damen - Sommer - IMAGE PRODUCT\" \/>\n<meta property=\"og:description\" content=\"Jeder Farbpass (Fr\u00fchling, Sommer, Herbst, Winter) beinhaltet 36 Stoffmuster in typgerechten Nuancen, unterteilt in Basis-, helle und kr\u00e4ftige Farben, sowie bei den Herren 6 Hemden- und 6 Anzugstoffe, uni und gemustert. Die Nummerierung der Stoffe bietet die M\u00f6glichkeit, individuell-optimale Kombinatorik f\u00fcr jeden Anlass zu erarbeiten. Auf der R\u00fcckseite befinden sich verbrauchergerechte Informationen f\u00fcr Kleidung und [&hellip;]\" \/>\n<meta property=\"og:url\" content=\"https:\/\/www.imageproduct.com\/english\/shop-2\/farbpaesse\/finaltuecher-damen\/farbpass-damen-sommer\/\" \/>\n<meta property=\"og:site_name\" content=\"IMAGE PRODUCT\" \/>\n<meta property=\"article:modified_time\" content=\"2025-03-03T06:05:45+00:00\" \/>\n<meta property=\"og:image\" content=\"https:\/\/www.imageproduct.com\/wp-content\/uploads\/2012\/04\/image-18.jpeg\" \/>\n\t<meta property=\"og:image:width\" content=\"1024\" \/>\n\t<meta property=\"og:image:height\" content=\"300\" \/>\n\t<meta property=\"og:image:type\" content=\"image\/jpeg\" \/>\n<meta name=\"twitter:card\" content=\"summary_large_image\" \/>\n<meta name=\"twitter:label1\" content=\"Estimated reading time\" \/>\n\t<meta name=\"twitter:data1\" content=\"1 minute\" \/>\n<script type=\"application\/ld+json\" class=\"yoast-schema-graph\">{\"@context\":\"https:\\\/\\\/schema.org\",\"@graph\":[{\"@type\":\"WebPage\",\"@id\":\"https:\\\/\\\/www.imageproduct.com\\\/shop-2\\\/farbpaesse\\\/finaltuecher-damen\\\/farbpass-damen-sommer\\\/\",\"url\":\"https:\\\/\\\/www.imageproduct.com\\\/shop-2\\\/farbpaesse\\\/finaltuecher-damen\\\/farbpass-damen-sommer\\\/\",\"name\":\"Farbpass Damen - Sommer - IMAGE PRODUCT\",\"isPartOf\":{\"@id\":\"https:\\\/\\\/www.imageproduct.com\\\/english\\\/#website\"},\"primaryImageOfPage\":{\"@id\":\"https:\\\/\\\/www.imageproduct.com\\\/shop-2\\\/farbpaesse\\\/finaltuecher-damen\\\/farbpass-damen-sommer\\\/#primaryimage\"},\"image\":{\"@id\":\"https:\\\/\\\/www.imageproduct.com\\\/shop-2\\\/farbpaesse\\\/finaltuecher-damen\\\/farbpass-damen-sommer\\\/#primaryimage\"},\"thumbnailUrl\":\"https:\\\/\\\/www.imageproduct.com\\\/wp-content\\\/uploads\\\/2025\\\/03\\\/image-18.jpeg\",\"datePublished\":\"2012-04-30T05:21:52+00:00\",\"dateModified\":\"2025-03-03T06:05:45+00:00\",\"breadcrumb\":{\"@id\":\"https:\\\/\\\/www.imageproduct.com\\\/shop-2\\\/farbpaesse\\\/finaltuecher-damen\\\/farbpass-damen-sommer\\\/#breadcrumb\"},\"inLanguage\":\"en-GB\",\"potentialAction\":[{\"@type\":\"ReadAction\",\"target\":[\"https:\\\/\\\/www.imageproduct.com\\\/shop-2\\\/farbpaesse\\\/finaltuecher-damen\\\/farbpass-damen-sommer\\\/\"]}]},{\"@type\":\"ImageObject\",\"inLanguage\":\"en-GB\",\"@id\":\"https:\\\/\\\/www.imageproduct.com\\\/shop-2\\\/farbpaesse\\\/finaltuecher-damen\\\/farbpass-damen-sommer\\\/#primaryimage\",\"url\":\"https:\\\/\\\/www.imageproduct.com\\\/wp-content\\\/uploads\\\/2025\\\/03\\\/image-18.jpeg\",\"contentUrl\":\"https:\\\/\\\/www.imageproduct.com\\\/wp-content\\\/uploads\\\/2025\\\/03\\\/image-18.jpeg\",\"width\":1024,\"height\":300},{\"@type\":\"BreadcrumbList\",\"@id\":\"https:\\\/\\\/www.imageproduct.com\\\/shop-2\\\/farbpaesse\\\/finaltuecher-damen\\\/farbpass-damen-sommer\\\/#breadcrumb\",\"itemListElement\":[{\"@type\":\"ListItem\",\"position\":1,\"name\":\"Startseite\",\"item\":\"https:\\\/\\\/www.imageproduct.com\\\/\"},{\"@type\":\"ListItem\",\"position\":2,\"name\":\"Shop\",\"item\":\"https:\\\/\\\/www.imageproduct.com\\\/shop-2\\\/\"},{\"@type\":\"ListItem\",\"position\":3,\"name\":\"Farbp\u00e4sse &#8211; Damen\",\"item\":\"https:\\\/\\\/www.imageproduct.com\\\/shop-2\\\/unkategorisiert\\\/farbpaesse-damen-2\\\/\"},{\"@type\":\"ListItem\",\"position\":4,\"name\":\"Farbpass Damen &#8211; Sommer\"}]},{\"@type\":\"WebSite\",\"@id\":\"https:\\\/\\\/www.imageproduct.com\\\/english\\\/#website\",\"url\":\"https:\\\/\\\/www.imageproduct.com\\\/english\\\/\",\"name\":\"IMAGE PRODUCT\",\"description\":\"PROFESSIONELLE ARBEITS- UND VERKAUFSMATERIALIEN F\u00dcR FARB-, STIL- UND IMAGE BERATER\\\/INNEN\",\"publisher\":{\"@id\":\"https:\\\/\\\/www.imageproduct.com\\\/english\\\/#organization\"},\"potentialAction\":[{\"@type\":\"SearchAction\",\"target\":{\"@type\":\"EntryPoint\",\"urlTemplate\":\"https:\\\/\\\/www.imageproduct.com\\\/english\\\/?s={search_term_string}\"},\"query-input\":{\"@type\":\"PropertyValueSpecification\",\"valueRequired\":true,\"valueName\":\"search_term_string\"}}],\"inLanguage\":\"en-GB\"},{\"@type\":\"Organization\",\"@id\":\"https:\\\/\\\/www.imageproduct.com\\\/english\\\/#organization\",\"name\":\"IMAGE PRODUCT\",\"url\":\"https:\\\/\\\/www.imageproduct.com\\\/english\\\/\",\"logo\":{\"@type\":\"ImageObject\",\"inLanguage\":\"en-GB\",\"@id\":\"https:\\\/\\\/www.imageproduct.com\\\/english\\\/#\\\/schema\\\/logo\\\/image\\\/\",\"url\":\"https:\\\/\\\/www.imageproduct.com\\\/wp-content\\\/uploads\\\/2025\\\/03\\\/cropped-ip_logo_274x100-1.png\",\"contentUrl\":\"https:\\\/\\\/www.imageproduct.com\\\/wp-content\\\/uploads\\\/2025\\\/03\\\/cropped-ip_logo_274x100-1.png\",\"width\":274,\"height\":100,\"caption\":\"IMAGE PRODUCT\"},\"image\":{\"@id\":\"https:\\\/\\\/www.imageproduct.com\\\/english\\\/#\\\/schema\\\/logo\\\/image\\\/\"}}]}<\/script>\n<!-- \/ Yoast SEO plugin. -->","yoast_head_json":{"title":"Farbpass Damen - Sommer - IMAGE PRODUCT","robots":{"index":"index","follow":"follow","max-snippet":"max-snippet:-1","max-image-preview":"max-image-preview:large","max-video-preview":"max-video-preview:-1"},"canonical":"https:\/\/www.imageproduct.com\/english\/shop-2\/farbpaesse\/finaltuecher-damen\/farbpass-damen-sommer\/","og_locale":"en_GB","og_type":"article","og_title":"Farbpass Damen - Sommer - IMAGE PRODUCT","og_description":"Jeder Farbpass (Fr\u00fchling, Sommer, Herbst, Winter) beinhaltet 36 Stoffmuster in typgerechten Nuancen, unterteilt in Basis-, helle und kr\u00e4ftige Farben, sowie bei den Herren 6 Hemden- und 6 Anzugstoffe, uni und gemustert. Die Nummerierung der Stoffe bietet die M\u00f6glichkeit, individuell-optimale Kombinatorik f\u00fcr jeden Anlass zu erarbeiten. Auf der R\u00fcckseite befinden sich verbrauchergerechte Informationen f\u00fcr Kleidung und [&hellip;]","og_url":"https:\/\/www.imageproduct.com\/english\/shop-2\/farbpaesse\/finaltuecher-damen\/farbpass-damen-sommer\/","og_site_name":"IMAGE PRODUCT","article_modified_time":"2025-03-03T06:05:45+00:00","og_image":[{"width":1024,"height":300,"url":"https:\/\/www.imageproduct.com\/wp-content\/uploads\/2012\/04\/image-18.jpeg","type":"image\/jpeg"}],"twitter_card":"summary_large_image","twitter_misc":{"Estimated reading time":"1 minute"},"schema":{"@context":"https:\/\/schema.org","@graph":[{"@type":"WebPage","@id":"https:\/\/www.imageproduct.com\/shop-2\/farbpaesse\/finaltuecher-damen\/farbpass-damen-sommer\/","url":"https:\/\/www.imageproduct.com\/shop-2\/farbpaesse\/finaltuecher-damen\/farbpass-damen-sommer\/","name":"Farbpass Damen - Sommer - IMAGE PRODUCT","isPartOf":{"@id":"https:\/\/www.imageproduct.com\/english\/#website"},"primaryImageOfPage":{"@id":"https:\/\/www.imageproduct.com\/shop-2\/farbpaesse\/finaltuecher-damen\/farbpass-damen-sommer\/#primaryimage"},"image":{"@id":"https:\/\/www.imageproduct.com\/shop-2\/farbpaesse\/finaltuecher-damen\/farbpass-damen-sommer\/#primaryimage"},"thumbnailUrl":"https:\/\/www.imageproduct.com\/wp-content\/uploads\/2025\/03\/image-18.jpeg","datePublished":"2012-04-30T05:21:52+00:00","dateModified":"2025-03-03T06:05:45+00:00","breadcrumb":{"@id":"https:\/\/www.imageproduct.com\/shop-2\/farbpaesse\/finaltuecher-damen\/farbpass-damen-sommer\/#breadcrumb"},"inLanguage":"en-GB","potentialAction":[{"@type":"ReadAction","target":["https:\/\/www.imageproduct.com\/shop-2\/farbpaesse\/finaltuecher-damen\/farbpass-damen-sommer\/"]}]},{"@type":"ImageObject","inLanguage":"en-GB","@id":"https:\/\/www.imageproduct.com\/shop-2\/farbpaesse\/finaltuecher-damen\/farbpass-damen-sommer\/#primaryimage","url":"https:\/\/www.imageproduct.com\/wp-content\/uploads\/2025\/03\/image-18.jpeg","contentUrl":"https:\/\/www.imageproduct.com\/wp-content\/uploads\/2025\/03\/image-18.jpeg","width":1024,"height":300},{"@type":"BreadcrumbList","@id":"https:\/\/www.imageproduct.com\/shop-2\/farbpaesse\/finaltuecher-damen\/farbpass-damen-sommer\/#breadcrumb","itemListElement":[{"@type":"ListItem","position":1,"name":"Startseite","item":"https:\/\/www.imageproduct.com\/"},{"@type":"ListItem","position":2,"name":"Shop","item":"https:\/\/www.imageproduct.com\/shop-2\/"},{"@type":"ListItem","position":3,"name":"Farbp\u00e4sse &#8211; Damen","item":"https:\/\/www.imageproduct.com\/shop-2\/unkategorisiert\/farbpaesse-damen-2\/"},{"@type":"ListItem","position":4,"name":"Farbpass Damen &#8211; Sommer"}]},{"@type":"WebSite","@id":"https:\/\/www.imageproduct.com\/english\/#website","url":"https:\/\/www.imageproduct.com\/english\/","name":"IMAGE PRODUCT","description":"PROFESSIONELLE ARBEITS- UND VERKAUFSMATERIALIEN F\u00dcR FARB-, STIL- UND IMAGE BERATER\/INNEN","publisher":{"@id":"https:\/\/www.imageproduct.com\/english\/#organization"},"potentialAction":[{"@type":"SearchAction","target":{"@type":"EntryPoint","urlTemplate":"https:\/\/www.imageproduct.com\/english\/?s={search_term_string}"},"query-input":{"@type":"PropertyValueSpecification","valueRequired":true,"valueName":"search_term_string"}}],"inLanguage":"en-GB"},{"@type":"Organization","@id":"https:\/\/www.imageproduct.com\/english\/#organization","name":"IMAGE PRODUCT","url":"https:\/\/www.imageproduct.com\/english\/","logo":{"@type":"ImageObject","inLanguage":"en-GB","@id":"https:\/\/www.imageproduct.com\/english\/#\/schema\/logo\/image\/","url":"https:\/\/www.imageproduct.com\/wp-content\/uploads\/2025\/03\/cropped-ip_logo_274x100-1.png","contentUrl":"https:\/\/www.imageproduct.com\/wp-content\/uploads\/2025\/03\/cropped-ip_logo_274x100-1.png","width":274,"height":100,"caption":"IMAGE PRODUCT"},"image":{"@id":"https:\/\/www.imageproduct.com\/english\/#\/schema\/logo\/image\/"}}]}},"tiered_pricing_type":"fixed","tiered_pricing_fixed_rules":[],"tiered_pricing_product_settings":{"layout":"default","base_unit_name":{"singular":null,"plural":null},"default_variation":null},"tiered_pricing_minimum_quantity":null,"tiered_pricing_roles_data":[],"tiered_pricing_percentage_rules":[],"_links":{"self":[{"href":"https:\/\/www.imageproduct.com\/english\/wp-json\/wp\/v2\/product\/69","targetHints":{"allow":["GET"]}}],"collection":[{"href":"https:\/\/www.imageproduct.com\/english\/wp-json\/wp\/v2\/product"}],"about":[{"href":"https:\/\/www.imageproduct.com\/english\/wp-json\/wp\/v2\/types\/product"}],"version-history":[{"count":0,"href":"https:\/\/www.imageproduct.com\/english\/wp-json\/wp\/v2\/product\/69\/revisions"}],"wp:featuredmedia":[{"embeddable":true,"href":"https:\/\/www.imageproduct.com\/english\/wp-json\/wp\/v2\/media\/3917"}],"wp:attachment":[{"href":"https:\/\/www.imageproduct.com\/english\/wp-json\/wp\/v2\/media?parent=69"}],"wp:term":[{"taxonomy":"product_brand","embeddable":true,"href":"https:\/\/www.imageproduct.com\/english\/wp-json\/wp\/v2\/product_brand?post=69"},{"taxonomy":"product_cat","embeddable":true,"href":"https:\/\/www.imageproduct.com\/english\/wp-json\/wp\/v2\/product_cat?post=69"},{"taxonomy":"product_tag","embeddable":true,"href":"https:\/\/www.imageproduct.com\/english\/wp-json\/wp\/v2\/product_tag?post=69"}],"curies":[{"name":"wp","href":"https:\/\/api.w.org\/{rel}","templated":true}]}}