{"id":3620,"date":"2024-11-21T06:40:35","date_gmt":"2024-11-21T05:40:35","guid":{"rendered":"https:\/\/www.imageproduct.com\/?post_type=product&#038;p=3620"},"modified":"2024-11-21T08:47:01","modified_gmt":"2024-11-21T07:47:01","slug":"heute-schoener","status":"publish","type":"product","link":"https:\/\/www.imageproduct.com\/english\/shop-2\/buecher\/heute-schoener\/","title":{"rendered":"HEUTE SCH\u00d6NER"},"content":{"rendered":"<p>Individuell top gestylt:<\/p>\n<p>Von der richtigen Farbe \u00fcber den passenden Stil bis hin zu den wichtigsten Styling-Tipps: Eva K\u00f6ck-Eripek, Imageberaterin und ORF-Stylingexpertin, verr\u00e4t Ihnen, wie Sie das Beste aus Ihrem Typ machen. Ihre langj\u00e4hrige Erfahrung und Leidenschaft f\u00fcr Mode und Stil spiegeln sich in jedem Ratschlag wider, den sie gibt.<\/p>\n<p>Mit einem geschulten Auge f\u00fcr Details und einem Gesp\u00fcr f\u00fcr individuelle Bed\u00fcrfnisse hilft sie dabei, ein authentisches und selbstbewusstes Erscheinungsbild zu entwickeln.<\/p>\n<p>Entdecken Sie die Geheimnisse einer tollen Erscheinung und erfahren Sie, wie Sie aktuelle Trends in Ihre Garderobe integrieren k\u00f6nnen.<\/p>\n<p>Sie zeigt auf, wie Sie Ihren pers\u00f6nlichen Stil finden und diesen gekonnt zum Ausdruck bringen k\u00f6nnen, egal ob im Berufsleben, bei besonderen Anl\u00e4ssen oder in der Freizeit.<\/p>\n<p>110 Seiten<br \/>\nUeberreuter-Verlag, 1. Auflage (M\u00e4rz 2015)<br \/>\nISBN: 978-3-8000-7620-8<\/p>","protected":false},"excerpt":{"rendered":"<p>Individuell top gestylt: Von der richtigen Farbe \u00fcber den passenden Stil bis hin zu den wichtigsten Styling-Tipps: Eva K\u00f6ck-Eripek, Imageberaterin und ORF-Stylingexpertin, verr\u00e4t Ihnen, wie Sie das Beste aus Ihrem Typ machen. Ihre langj\u00e4hrige Erfahrung und Leidenschaft f\u00fcr Mode und Stil spiegeln sich in jedem Ratschlag wider, den sie gibt. Mit einem geschulten Auge f\u00fcr [&hellip;]<\/p>\n","protected":false},"featured_media":3628,"template":"","meta":{"inline_featured_image":false,"site-sidebar-layout":"default","site-content-layout":"","ast-site-content-layout":"default","site-content-style":"default","site-sidebar-style":"default","ast-global-header-display":"","ast-banner-title-visibility":"","ast-main-header-display":"","ast-hfb-above-header-display":"","ast-hfb-below-header-display":"","ast-hfb-mobile-header-display":"","site-post-title":"","ast-breadcrumbs-content":"","ast-featured-img":"","footer-sml-layout":"","ast-disable-related-posts":"","theme-transparent-header-meta":"default","adv-header-id-meta":"","stick-header-meta":"","header-above-stick-meta":"","header-main-stick-meta":"","header-below-stick-meta":"","astra-migrate-meta-layouts":"set","ast-page-background-enabled":"default","ast-page-background-meta":{"desktop":{"background-color":"","background-image":"","background-repeat":"repeat","background-position":"center center","background-size":"auto","background-attachment":"scroll","background-type":"","background-media":"","overlay-type":"","overlay-color":"","overlay-opacity":"","overlay-gradient":""},"tablet":{"background-color":"","background-image":"","background-repeat":"repeat","background-position":"center center","background-size":"auto","background-attachment":"scroll","background-type":"","background-media":"","overlay-type":"","overlay-color":"","overlay-opacity":"","overlay-gradient":""},"mobile":{"background-color":"","background-image":"","background-repeat":"repeat","background-position":"center center","background-size":"auto","background-attachment":"scroll","background-type":"","background-media":"","overlay-type":"","overlay-color":"","overlay-opacity":"","overlay-gradient":""}},"ast-content-background-meta":{"desktop":{"background-color":"var(--ast-global-color-5)","background-image":"","background-repeat":"repeat","background-position":"center center","background-size":"auto","background-attachment":"scroll","background-type":"","background-media":"","overlay-type":"","overlay-color":"","overlay-opacity":"","overlay-gradient":""},"tablet":{"background-color":"var(--ast-global-color-5)","background-image":"","background-repeat":"repeat","background-position":"center center","background-size":"auto","background-attachment":"scroll","background-type":"","background-media":"","overlay-type":"","overlay-color":"","overlay-opacity":"","overlay-gradient":""},"mobile":{"background-color":"var(--ast-global-color-5)","background-image":"","background-repeat":"repeat","background-position":"center center","background-size":"auto","background-attachment":"scroll","background-type":"","background-media":"","overlay-type":"","overlay-color":"","overlay-opacity":"","overlay-gradient":""}}},"product_brand":[],"product_cat":[20],"product_tag":[],"class_list":{"0":"post-3620","1":"product","2":"type-product","3":"status-publish","4":"has-post-thumbnail","6":"product_cat-buecher","7":"desktop-align-left","8":"tablet-align-left","9":"mobile-align-left","10":"ast-product-gallery-layout-horizontal-slider","11":"ast-product-gallery-with-no-image","12":"ast-magnify-disabled","13":"ast-product-tabs-layout-horizontal","15":"first","16":"instock","17":"taxable","18":"shipping-taxable","19":"purchasable","20":"product-type-simple"},"yoast_head":"<!-- This site is optimized with the Yoast SEO plugin v27.4 - https:\/\/yoast.com\/product\/yoast-seo-wordpress\/ -->\n<title>HEUTE SCH\u00d6NER - IMAGE PRODUCT<\/title>\n<meta name=\"robots\" content=\"index, follow, max-snippet:-1, max-image-preview:large, max-video-preview:-1\" \/>\n<link rel=\"canonical\" href=\"https:\/\/www.imageproduct.com\/english\/shop-2\/buecher\/heute-schoener\/\" \/>\n<meta property=\"og:locale\" content=\"en_GB\" \/>\n<meta property=\"og:type\" content=\"article\" \/>\n<meta property=\"og:title\" content=\"HEUTE SCH\u00d6NER - IMAGE PRODUCT\" \/>\n<meta property=\"og:description\" content=\"Individuell top gestylt: Von der richtigen Farbe \u00fcber den passenden Stil bis hin zu den wichtigsten Styling-Tipps: Eva K\u00f6ck-Eripek, Imageberaterin und ORF-Stylingexpertin, verr\u00e4t Ihnen, wie Sie das Beste aus Ihrem Typ machen. Ihre langj\u00e4hrige Erfahrung und Leidenschaft f\u00fcr Mode und Stil spiegeln sich in jedem Ratschlag wider, den sie gibt. Mit einem geschulten Auge f\u00fcr [&hellip;]\" \/>\n<meta property=\"og:url\" content=\"https:\/\/www.imageproduct.com\/english\/shop-2\/buecher\/heute-schoener\/\" \/>\n<meta property=\"og:site_name\" content=\"IMAGE PRODUCT\" \/>\n<meta property=\"article:modified_time\" content=\"2024-11-21T07:47:01+00:00\" \/>\n<meta property=\"og:image\" content=\"https:\/\/www.imageproduct.com\/wp-content\/uploads\/2024\/11\/heute-schoener-leben-shop.jpg\" \/>\n\t<meta property=\"og:image:width\" content=\"800\" \/>\n\t<meta property=\"og:image:height\" content=\"800\" \/>\n\t<meta property=\"og:image:type\" content=\"image\/jpeg\" \/>\n<meta name=\"twitter:card\" content=\"summary_large_image\" \/>\n<meta name=\"twitter:label1\" content=\"Estimated reading time\" \/>\n\t<meta name=\"twitter:data1\" content=\"1 minute\" \/>\n<script type=\"application\/ld+json\" class=\"yoast-schema-graph\">{\"@context\":\"https:\\\/\\\/schema.org\",\"@graph\":[{\"@type\":\"WebPage\",\"@id\":\"https:\\\/\\\/www.imageproduct.com\\\/shop-2\\\/buecher\\\/heute-schoener\\\/\",\"url\":\"https:\\\/\\\/www.imageproduct.com\\\/shop-2\\\/buecher\\\/heute-schoener\\\/\",\"name\":\"HEUTE SCH\u00d6NER - IMAGE PRODUCT\",\"isPartOf\":{\"@id\":\"https:\\\/\\\/www.imageproduct.com\\\/english\\\/#website\"},\"primaryImageOfPage\":{\"@id\":\"https:\\\/\\\/www.imageproduct.com\\\/shop-2\\\/buecher\\\/heute-schoener\\\/#primaryimage\"},\"image\":{\"@id\":\"https:\\\/\\\/www.imageproduct.com\\\/shop-2\\\/buecher\\\/heute-schoener\\\/#primaryimage\"},\"thumbnailUrl\":\"https:\\\/\\\/www.imageproduct.com\\\/wp-content\\\/uploads\\\/2024\\\/11\\\/heute-schoener-leben-shop.jpg\",\"datePublished\":\"2024-11-21T05:40:35+00:00\",\"dateModified\":\"2024-11-21T07:47:01+00:00\",\"breadcrumb\":{\"@id\":\"https:\\\/\\\/www.imageproduct.com\\\/shop-2\\\/buecher\\\/heute-schoener\\\/#breadcrumb\"},\"inLanguage\":\"en-GB\",\"potentialAction\":[{\"@type\":\"ReadAction\",\"target\":[\"https:\\\/\\\/www.imageproduct.com\\\/shop-2\\\/buecher\\\/heute-schoener\\\/\"]}]},{\"@type\":\"ImageObject\",\"inLanguage\":\"en-GB\",\"@id\":\"https:\\\/\\\/www.imageproduct.com\\\/shop-2\\\/buecher\\\/heute-schoener\\\/#primaryimage\",\"url\":\"https:\\\/\\\/www.imageproduct.com\\\/wp-content\\\/uploads\\\/2024\\\/11\\\/heute-schoener-leben-shop.jpg\",\"contentUrl\":\"https:\\\/\\\/www.imageproduct.com\\\/wp-content\\\/uploads\\\/2024\\\/11\\\/heute-schoener-leben-shop.jpg\",\"width\":800,\"height\":800},{\"@type\":\"BreadcrumbList\",\"@id\":\"https:\\\/\\\/www.imageproduct.com\\\/shop-2\\\/buecher\\\/heute-schoener\\\/#breadcrumb\",\"itemListElement\":[{\"@type\":\"ListItem\",\"position\":1,\"name\":\"Startseite\",\"item\":\"https:\\\/\\\/www.imageproduct.com\\\/\"},{\"@type\":\"ListItem\",\"position\":2,\"name\":\"Shop\",\"item\":\"https:\\\/\\\/www.imageproduct.com\\\/shop-2\\\/\"},{\"@type\":\"ListItem\",\"position\":3,\"name\":\"HEUTE SCH\u00d6NER\"}]},{\"@type\":\"WebSite\",\"@id\":\"https:\\\/\\\/www.imageproduct.com\\\/english\\\/#website\",\"url\":\"https:\\\/\\\/www.imageproduct.com\\\/english\\\/\",\"name\":\"IMAGE PRODUCT\",\"description\":\"PROFESSIONELLE ARBEITS- UND VERKAUFSMATERIALIEN F\u00dcR FARB-, STIL- UND IMAGE BERATER\\\/INNEN\",\"publisher\":{\"@id\":\"https:\\\/\\\/www.imageproduct.com\\\/english\\\/#organization\"},\"potentialAction\":[{\"@type\":\"SearchAction\",\"target\":{\"@type\":\"EntryPoint\",\"urlTemplate\":\"https:\\\/\\\/www.imageproduct.com\\\/english\\\/?s={search_term_string}\"},\"query-input\":{\"@type\":\"PropertyValueSpecification\",\"valueRequired\":true,\"valueName\":\"search_term_string\"}}],\"inLanguage\":\"en-GB\"},{\"@type\":\"Organization\",\"@id\":\"https:\\\/\\\/www.imageproduct.com\\\/english\\\/#organization\",\"name\":\"IMAGE PRODUCT\",\"url\":\"https:\\\/\\\/www.imageproduct.com\\\/english\\\/\",\"logo\":{\"@type\":\"ImageObject\",\"inLanguage\":\"en-GB\",\"@id\":\"https:\\\/\\\/www.imageproduct.com\\\/english\\\/#\\\/schema\\\/logo\\\/image\\\/\",\"url\":\"https:\\\/\\\/www.imageproduct.com\\\/wp-content\\\/uploads\\\/2025\\\/03\\\/cropped-ip_logo_274x100-1.png\",\"contentUrl\":\"https:\\\/\\\/www.imageproduct.com\\\/wp-content\\\/uploads\\\/2025\\\/03\\\/cropped-ip_logo_274x100-1.png\",\"width\":274,\"height\":100,\"caption\":\"IMAGE PRODUCT\"},\"image\":{\"@id\":\"https:\\\/\\\/www.imageproduct.com\\\/english\\\/#\\\/schema\\\/logo\\\/image\\\/\"}}]}<\/script>\n<!-- \/ Yoast SEO plugin. -->","yoast_head_json":{"title":"HEUTE SCH\u00d6NER - IMAGE PRODUCT","robots":{"index":"index","follow":"follow","max-snippet":"max-snippet:-1","max-image-preview":"max-image-preview:large","max-video-preview":"max-video-preview:-1"},"canonical":"https:\/\/www.imageproduct.com\/english\/shop-2\/buecher\/heute-schoener\/","og_locale":"en_GB","og_type":"article","og_title":"HEUTE SCH\u00d6NER - IMAGE PRODUCT","og_description":"Individuell top gestylt: Von der richtigen Farbe \u00fcber den passenden Stil bis hin zu den wichtigsten Styling-Tipps: Eva K\u00f6ck-Eripek, Imageberaterin und ORF-Stylingexpertin, verr\u00e4t Ihnen, wie Sie das Beste aus Ihrem Typ machen. Ihre langj\u00e4hrige Erfahrung und Leidenschaft f\u00fcr Mode und Stil spiegeln sich in jedem Ratschlag wider, den sie gibt. Mit einem geschulten Auge f\u00fcr [&hellip;]","og_url":"https:\/\/www.imageproduct.com\/english\/shop-2\/buecher\/heute-schoener\/","og_site_name":"IMAGE PRODUCT","article_modified_time":"2024-11-21T07:47:01+00:00","og_image":[{"width":800,"height":800,"url":"https:\/\/www.imageproduct.com\/wp-content\/uploads\/2024\/11\/heute-schoener-leben-shop.jpg","type":"image\/jpeg"}],"twitter_card":"summary_large_image","twitter_misc":{"Estimated reading time":"1 minute"},"schema":{"@context":"https:\/\/schema.org","@graph":[{"@type":"WebPage","@id":"https:\/\/www.imageproduct.com\/shop-2\/buecher\/heute-schoener\/","url":"https:\/\/www.imageproduct.com\/shop-2\/buecher\/heute-schoener\/","name":"HEUTE SCH\u00d6NER - IMAGE PRODUCT","isPartOf":{"@id":"https:\/\/www.imageproduct.com\/english\/#website"},"primaryImageOfPage":{"@id":"https:\/\/www.imageproduct.com\/shop-2\/buecher\/heute-schoener\/#primaryimage"},"image":{"@id":"https:\/\/www.imageproduct.com\/shop-2\/buecher\/heute-schoener\/#primaryimage"},"thumbnailUrl":"https:\/\/www.imageproduct.com\/wp-content\/uploads\/2024\/11\/heute-schoener-leben-shop.jpg","datePublished":"2024-11-21T05:40:35+00:00","dateModified":"2024-11-21T07:47:01+00:00","breadcrumb":{"@id":"https:\/\/www.imageproduct.com\/shop-2\/buecher\/heute-schoener\/#breadcrumb"},"inLanguage":"en-GB","potentialAction":[{"@type":"ReadAction","target":["https:\/\/www.imageproduct.com\/shop-2\/buecher\/heute-schoener\/"]}]},{"@type":"ImageObject","inLanguage":"en-GB","@id":"https:\/\/www.imageproduct.com\/shop-2\/buecher\/heute-schoener\/#primaryimage","url":"https:\/\/www.imageproduct.com\/wp-content\/uploads\/2024\/11\/heute-schoener-leben-shop.jpg","contentUrl":"https:\/\/www.imageproduct.com\/wp-content\/uploads\/2024\/11\/heute-schoener-leben-shop.jpg","width":800,"height":800},{"@type":"BreadcrumbList","@id":"https:\/\/www.imageproduct.com\/shop-2\/buecher\/heute-schoener\/#breadcrumb","itemListElement":[{"@type":"ListItem","position":1,"name":"Startseite","item":"https:\/\/www.imageproduct.com\/"},{"@type":"ListItem","position":2,"name":"Shop","item":"https:\/\/www.imageproduct.com\/shop-2\/"},{"@type":"ListItem","position":3,"name":"HEUTE SCH\u00d6NER"}]},{"@type":"WebSite","@id":"https:\/\/www.imageproduct.com\/english\/#website","url":"https:\/\/www.imageproduct.com\/english\/","name":"IMAGE PRODUCT","description":"PROFESSIONELLE ARBEITS- UND VERKAUFSMATERIALIEN F\u00dcR FARB-, STIL- UND IMAGE BERATER\/INNEN","publisher":{"@id":"https:\/\/www.imageproduct.com\/english\/#organization"},"potentialAction":[{"@type":"SearchAction","target":{"@type":"EntryPoint","urlTemplate":"https:\/\/www.imageproduct.com\/english\/?s={search_term_string}"},"query-input":{"@type":"PropertyValueSpecification","valueRequired":true,"valueName":"search_term_string"}}],"inLanguage":"en-GB"},{"@type":"Organization","@id":"https:\/\/www.imageproduct.com\/english\/#organization","name":"IMAGE PRODUCT","url":"https:\/\/www.imageproduct.com\/english\/","logo":{"@type":"ImageObject","inLanguage":"en-GB","@id":"https:\/\/www.imageproduct.com\/english\/#\/schema\/logo\/image\/","url":"https:\/\/www.imageproduct.com\/wp-content\/uploads\/2025\/03\/cropped-ip_logo_274x100-1.png","contentUrl":"https:\/\/www.imageproduct.com\/wp-content\/uploads\/2025\/03\/cropped-ip_logo_274x100-1.png","width":274,"height":100,"caption":"IMAGE PRODUCT"},"image":{"@id":"https:\/\/www.imageproduct.com\/english\/#\/schema\/logo\/image\/"}}]}},"tiered_pricing_type":"fixed","tiered_pricing_fixed_rules":[],"tiered_pricing_product_settings":{"layout":"default","base_unit_name":{"singular":null,"plural":null},"default_variation":null},"tiered_pricing_minimum_quantity":null,"tiered_pricing_roles_data":[],"tiered_pricing_percentage_rules":[],"_links":{"self":[{"href":"https:\/\/www.imageproduct.com\/english\/wp-json\/wp\/v2\/product\/3620","targetHints":{"allow":["GET"]}}],"collection":[{"href":"https:\/\/www.imageproduct.com\/english\/wp-json\/wp\/v2\/product"}],"about":[{"href":"https:\/\/www.imageproduct.com\/english\/wp-json\/wp\/v2\/types\/product"}],"version-history":[{"count":0,"href":"https:\/\/www.imageproduct.com\/english\/wp-json\/wp\/v2\/product\/3620\/revisions"}],"wp:featuredmedia":[{"embeddable":true,"href":"https:\/\/www.imageproduct.com\/english\/wp-json\/wp\/v2\/media\/3628"}],"wp:attachment":[{"href":"https:\/\/www.imageproduct.com\/english\/wp-json\/wp\/v2\/media?parent=3620"}],"wp:term":[{"taxonomy":"product_brand","embeddable":true,"href":"https:\/\/www.imageproduct.com\/english\/wp-json\/wp\/v2\/product_brand?post=3620"},{"taxonomy":"product_cat","embeddable":true,"href":"https:\/\/www.imageproduct.com\/english\/wp-json\/wp\/v2\/product_cat?post=3620"},{"taxonomy":"product_tag","embeddable":true,"href":"https:\/\/www.imageproduct.com\/english\/wp-json\/wp\/v2\/product_tag?post=3620"}],"curies":[{"name":"wp","href":"https:\/\/api.w.org\/{rel}","templated":true}]}}