{"id":355,"date":"2012-11-27T08:44:16","date_gmt":"2012-11-27T07:44:16","guid":{"rendered":"https:\/\/project.yumm.at\/imageproduct\/produkt\/finaltuecher-herren-hemdenstoffe\/"},"modified":"2025-03-03T08:23:59","modified_gmt":"2025-03-03T07:23:59","slug":"finaltuecher-herren-hemdenstoffe","status":"publish","type":"product","link":"https:\/\/www.imageproduct.com\/english\/shop-2\/farbtuecher\/finaltuecher-herren-hemdenstoffe\/","title":{"rendered":"Seasonal  Business Fabrics for men"},"content":{"rendered":"<p>In order to create a professional guidance for gentlemen 18 selected types of suiting are available. Separated in warm, cool and neutral nuances, those drapes are a blessing for \ndemonstration what kind of fabrics are appropriate for jackets, coats, blazer or suits.<\/p>\n<p><em>18 different samples (high-end quality); Size 37cm x25cm; bound hem and joined to 3 sets. <\/em><\/p>","protected":false},"excerpt":{"rendered":"<p>F\u00fcr die professionelle Beratung der Herren stehen nun auch 18 verschiedene Hemdenstoffe zur Verf\u00fcgung. Getrennt in warme, k\u00fchle und neutrale Nuancen erleichtern diese Finalt\u00fccher die Erkl\u00e4rung, welche Farben man(n) als Hemd typgerecht tragen kann. Die Gr\u00f6\u00dfe der Stoffe erm\u00f6glicht eine vielf\u00e4ltige Kombinatorik direkt am Kunden. 18 verschiedene Farbmuster (hochwertigste Qualit\u00e4t); Gr\u00f6\u00dfe 37 x 25 cm;tw. [&hellip;]<\/p>\n","protected":false},"featured_media":3961,"template":"","meta":{"inline_featured_image":false,"site-sidebar-layout":"default","site-content-layout":"default","ast-site-content-layout":"","site-content-style":"","site-sidebar-style":"","ast-global-header-display":"","ast-banner-title-visibility":"","ast-main-header-display":"","ast-hfb-above-header-display":"","ast-hfb-below-header-display":"","ast-hfb-mobile-header-display":"","site-post-title":"","ast-breadcrumbs-content":"","ast-featured-img":"","footer-sml-layout":"","ast-disable-related-posts":"","theme-transparent-header-meta":"default","adv-header-id-meta":"","stick-header-meta":"","header-above-stick-meta":"","header-main-stick-meta":"","header-below-stick-meta":"","astra-migrate-meta-layouts":"","ast-page-background-enabled":"default","ast-page-background-meta":{"desktop":{"background-color":"","background-image":"","background-repeat":"repeat","background-position":"center center","background-size":"auto","background-attachment":"scroll","background-type":"","background-media":"","overlay-type":"","overlay-color":"","overlay-opacity":"","overlay-gradient":""},"tablet":{"background-color":"","background-image":"","background-repeat":"repeat","background-position":"center center","background-size":"auto","background-attachment":"scroll","background-type":"","background-media":"","overlay-type":"","overlay-color":"","overlay-opacity":"","overlay-gradient":""},"mobile":{"background-color":"","background-image":"","background-repeat":"repeat","background-position":"center center","background-size":"auto","background-attachment":"scroll","background-type":"","background-media":"","overlay-type":"","overlay-color":"","overlay-opacity":"","overlay-gradient":""}},"ast-content-background-meta":{"desktop":{"background-color":"var(--ast-global-color-5)","background-image":"","background-repeat":"repeat","background-position":"center center","background-size":"auto","background-attachment":"scroll","background-type":"","background-media":"","overlay-type":"","overlay-color":"","overlay-opacity":"","overlay-gradient":""},"tablet":{"background-color":"var(--ast-global-color-5)","background-image":"","background-repeat":"repeat","background-position":"center center","background-size":"auto","background-attachment":"scroll","background-type":"","background-media":"","overlay-type":"","overlay-color":"","overlay-opacity":"","overlay-gradient":""},"mobile":{"background-color":"var(--ast-global-color-5)","background-image":"","background-repeat":"repeat","background-position":"center center","background-size":"auto","background-attachment":"scroll","background-type":"","background-media":"","overlay-type":"","overlay-color":"","overlay-opacity":"","overlay-gradient":""}}},"product_brand":[],"product_cat":[19],"product_tag":[],"class_list":{"0":"post-355","1":"product","2":"type-product","3":"status-publish","4":"has-post-thumbnail","6":"product_cat-farbtuecher","7":"desktop-align-left","8":"tablet-align-left","9":"mobile-align-left","10":"ast-product-gallery-layout-horizontal-slider","11":"ast-magnify-disabled","12":"ast-product-tabs-layout-horizontal","14":"first","15":"instock","16":"taxable","17":"shipping-taxable","18":"purchasable","19":"product-type-simple"},"yoast_head":"<!-- This site is optimized with the Yoast SEO plugin v27.4 - https:\/\/yoast.com\/product\/yoast-seo-wordpress\/ -->\n<title>Finalt\u00fccher Herren-Hemdenstoffe - IMAGE PRODUCT<\/title>\n<meta name=\"robots\" content=\"index, follow, max-snippet:-1, max-image-preview:large, max-video-preview:-1\" \/>\n<link rel=\"canonical\" href=\"https:\/\/www.imageproduct.com\/english\/shop-2\/farbtuecher\/finaltuecher-herren-hemdenstoffe\/\" \/>\n<meta property=\"og:locale\" content=\"en_GB\" \/>\n<meta property=\"og:type\" content=\"article\" \/>\n<meta property=\"og:title\" content=\"Finalt\u00fccher Herren-Hemdenstoffe - IMAGE PRODUCT\" \/>\n<meta property=\"og:description\" content=\"F\u00fcr die professionelle Beratung der Herren stehen nun auch 18 verschiedene Hemdenstoffe zur Verf\u00fcgung. Getrennt in warme, k\u00fchle und neutrale Nuancen erleichtern diese Finalt\u00fccher die Erkl\u00e4rung, welche Farben man(n) als Hemd typgerecht tragen kann. Die Gr\u00f6\u00dfe der Stoffe erm\u00f6glicht eine vielf\u00e4ltige Kombinatorik direkt am Kunden. 18 verschiedene Farbmuster (hochwertigste Qualit\u00e4t); Gr\u00f6\u00dfe 37 x 25 cm;tw. [&hellip;]\" \/>\n<meta property=\"og:url\" content=\"https:\/\/www.imageproduct.com\/english\/shop-2\/farbtuecher\/finaltuecher-herren-hemdenstoffe\/\" \/>\n<meta property=\"og:site_name\" content=\"IMAGE PRODUCT\" \/>\n<meta property=\"article:modified_time\" content=\"2025-03-03T07:23:59+00:00\" \/>\n<meta property=\"og:image\" content=\"https:\/\/www.imageproduct.com\/wp-content\/uploads\/2025\/03\/tuecher-Hemdenstoffe.jpg\" \/>\n\t<meta property=\"og:image:width\" content=\"600\" \/>\n\t<meta property=\"og:image:height\" content=\"600\" \/>\n\t<meta property=\"og:image:type\" content=\"image\/jpeg\" \/>\n<meta name=\"twitter:card\" content=\"summary_large_image\" \/>\n<script type=\"application\/ld+json\" class=\"yoast-schema-graph\">{\"@context\":\"https:\\\/\\\/schema.org\",\"@graph\":[{\"@type\":\"WebPage\",\"@id\":\"https:\\\/\\\/www.imageproduct.com\\\/shop-2\\\/farbtuecher\\\/finaltuecher-herren-hemdenstoffe\\\/\",\"url\":\"https:\\\/\\\/www.imageproduct.com\\\/shop-2\\\/farbtuecher\\\/finaltuecher-herren-hemdenstoffe\\\/\",\"name\":\"Finalt\u00fccher Herren-Hemdenstoffe - IMAGE PRODUCT\",\"isPartOf\":{\"@id\":\"https:\\\/\\\/www.imageproduct.com\\\/english\\\/#website\"},\"primaryImageOfPage\":{\"@id\":\"https:\\\/\\\/www.imageproduct.com\\\/shop-2\\\/farbtuecher\\\/finaltuecher-herren-hemdenstoffe\\\/#primaryimage\"},\"image\":{\"@id\":\"https:\\\/\\\/www.imageproduct.com\\\/shop-2\\\/farbtuecher\\\/finaltuecher-herren-hemdenstoffe\\\/#primaryimage\"},\"thumbnailUrl\":\"https:\\\/\\\/www.imageproduct.com\\\/wp-content\\\/uploads\\\/2025\\\/03\\\/tuecher-Hemdenstoffe.jpg\",\"datePublished\":\"2012-11-27T07:44:16+00:00\",\"dateModified\":\"2025-03-03T07:23:59+00:00\",\"breadcrumb\":{\"@id\":\"https:\\\/\\\/www.imageproduct.com\\\/shop-2\\\/farbtuecher\\\/finaltuecher-herren-hemdenstoffe\\\/#breadcrumb\"},\"inLanguage\":\"en-GB\",\"potentialAction\":[{\"@type\":\"ReadAction\",\"target\":[\"https:\\\/\\\/www.imageproduct.com\\\/shop-2\\\/farbtuecher\\\/finaltuecher-herren-hemdenstoffe\\\/\"]}]},{\"@type\":\"ImageObject\",\"inLanguage\":\"en-GB\",\"@id\":\"https:\\\/\\\/www.imageproduct.com\\\/shop-2\\\/farbtuecher\\\/finaltuecher-herren-hemdenstoffe\\\/#primaryimage\",\"url\":\"https:\\\/\\\/www.imageproduct.com\\\/wp-content\\\/uploads\\\/2025\\\/03\\\/tuecher-Hemdenstoffe.jpg\",\"contentUrl\":\"https:\\\/\\\/www.imageproduct.com\\\/wp-content\\\/uploads\\\/2025\\\/03\\\/tuecher-Hemdenstoffe.jpg\",\"width\":600,\"height\":600},{\"@type\":\"BreadcrumbList\",\"@id\":\"https:\\\/\\\/www.imageproduct.com\\\/shop-2\\\/farbtuecher\\\/finaltuecher-herren-hemdenstoffe\\\/#breadcrumb\",\"itemListElement\":[{\"@type\":\"ListItem\",\"position\":1,\"name\":\"Startseite\",\"item\":\"https:\\\/\\\/www.imageproduct.com\\\/\"},{\"@type\":\"ListItem\",\"position\":2,\"name\":\"Shop\",\"item\":\"https:\\\/\\\/www.imageproduct.com\\\/shop-2\\\/\"},{\"@type\":\"ListItem\",\"position\":3,\"name\":\"Finalt\u00fccher Herren-Hemdenstoffe\"}]},{\"@type\":\"WebSite\",\"@id\":\"https:\\\/\\\/www.imageproduct.com\\\/english\\\/#website\",\"url\":\"https:\\\/\\\/www.imageproduct.com\\\/english\\\/\",\"name\":\"IMAGE PRODUCT\",\"description\":\"PROFESSIONELLE ARBEITS- UND VERKAUFSMATERIALIEN F\u00dcR FARB-, STIL- UND IMAGE BERATER\\\/INNEN\",\"publisher\":{\"@id\":\"https:\\\/\\\/www.imageproduct.com\\\/english\\\/#organization\"},\"potentialAction\":[{\"@type\":\"SearchAction\",\"target\":{\"@type\":\"EntryPoint\",\"urlTemplate\":\"https:\\\/\\\/www.imageproduct.com\\\/english\\\/?s={search_term_string}\"},\"query-input\":{\"@type\":\"PropertyValueSpecification\",\"valueRequired\":true,\"valueName\":\"search_term_string\"}}],\"inLanguage\":\"en-GB\"},{\"@type\":\"Organization\",\"@id\":\"https:\\\/\\\/www.imageproduct.com\\\/english\\\/#organization\",\"name\":\"IMAGE PRODUCT\",\"url\":\"https:\\\/\\\/www.imageproduct.com\\\/english\\\/\",\"logo\":{\"@type\":\"ImageObject\",\"inLanguage\":\"en-GB\",\"@id\":\"https:\\\/\\\/www.imageproduct.com\\\/english\\\/#\\\/schema\\\/logo\\\/image\\\/\",\"url\":\"https:\\\/\\\/www.imageproduct.com\\\/wp-content\\\/uploads\\\/2025\\\/03\\\/cropped-ip_logo_274x100-1.png\",\"contentUrl\":\"https:\\\/\\\/www.imageproduct.com\\\/wp-content\\\/uploads\\\/2025\\\/03\\\/cropped-ip_logo_274x100-1.png\",\"width\":274,\"height\":100,\"caption\":\"IMAGE PRODUCT\"},\"image\":{\"@id\":\"https:\\\/\\\/www.imageproduct.com\\\/english\\\/#\\\/schema\\\/logo\\\/image\\\/\"}}]}<\/script>\n<!-- \/ Yoast SEO plugin. -->","yoast_head_json":{"title":"Finalt\u00fccher Herren-Hemdenstoffe - IMAGE PRODUCT","robots":{"index":"index","follow":"follow","max-snippet":"max-snippet:-1","max-image-preview":"max-image-preview:large","max-video-preview":"max-video-preview:-1"},"canonical":"https:\/\/www.imageproduct.com\/english\/shop-2\/farbtuecher\/finaltuecher-herren-hemdenstoffe\/","og_locale":"en_GB","og_type":"article","og_title":"Finalt\u00fccher Herren-Hemdenstoffe - IMAGE PRODUCT","og_description":"F\u00fcr die professionelle Beratung der Herren stehen nun auch 18 verschiedene Hemdenstoffe zur Verf\u00fcgung. Getrennt in warme, k\u00fchle und neutrale Nuancen erleichtern diese Finalt\u00fccher die Erkl\u00e4rung, welche Farben man(n) als Hemd typgerecht tragen kann. Die Gr\u00f6\u00dfe der Stoffe erm\u00f6glicht eine vielf\u00e4ltige Kombinatorik direkt am Kunden. 18 verschiedene Farbmuster (hochwertigste Qualit\u00e4t); Gr\u00f6\u00dfe 37 x 25 cm;tw. [&hellip;]","og_url":"https:\/\/www.imageproduct.com\/english\/shop-2\/farbtuecher\/finaltuecher-herren-hemdenstoffe\/","og_site_name":"IMAGE PRODUCT","article_modified_time":"2025-03-03T07:23:59+00:00","og_image":[{"width":600,"height":600,"url":"https:\/\/www.imageproduct.com\/wp-content\/uploads\/2025\/03\/tuecher-Hemdenstoffe.jpg","type":"image\/jpeg"}],"twitter_card":"summary_large_image","schema":{"@context":"https:\/\/schema.org","@graph":[{"@type":"WebPage","@id":"https:\/\/www.imageproduct.com\/shop-2\/farbtuecher\/finaltuecher-herren-hemdenstoffe\/","url":"https:\/\/www.imageproduct.com\/shop-2\/farbtuecher\/finaltuecher-herren-hemdenstoffe\/","name":"Finalt\u00fccher Herren-Hemdenstoffe - IMAGE PRODUCT","isPartOf":{"@id":"https:\/\/www.imageproduct.com\/english\/#website"},"primaryImageOfPage":{"@id":"https:\/\/www.imageproduct.com\/shop-2\/farbtuecher\/finaltuecher-herren-hemdenstoffe\/#primaryimage"},"image":{"@id":"https:\/\/www.imageproduct.com\/shop-2\/farbtuecher\/finaltuecher-herren-hemdenstoffe\/#primaryimage"},"thumbnailUrl":"https:\/\/www.imageproduct.com\/wp-content\/uploads\/2025\/03\/tuecher-Hemdenstoffe.jpg","datePublished":"2012-11-27T07:44:16+00:00","dateModified":"2025-03-03T07:23:59+00:00","breadcrumb":{"@id":"https:\/\/www.imageproduct.com\/shop-2\/farbtuecher\/finaltuecher-herren-hemdenstoffe\/#breadcrumb"},"inLanguage":"en-GB","potentialAction":[{"@type":"ReadAction","target":["https:\/\/www.imageproduct.com\/shop-2\/farbtuecher\/finaltuecher-herren-hemdenstoffe\/"]}]},{"@type":"ImageObject","inLanguage":"en-GB","@id":"https:\/\/www.imageproduct.com\/shop-2\/farbtuecher\/finaltuecher-herren-hemdenstoffe\/#primaryimage","url":"https:\/\/www.imageproduct.com\/wp-content\/uploads\/2025\/03\/tuecher-Hemdenstoffe.jpg","contentUrl":"https:\/\/www.imageproduct.com\/wp-content\/uploads\/2025\/03\/tuecher-Hemdenstoffe.jpg","width":600,"height":600},{"@type":"BreadcrumbList","@id":"https:\/\/www.imageproduct.com\/shop-2\/farbtuecher\/finaltuecher-herren-hemdenstoffe\/#breadcrumb","itemListElement":[{"@type":"ListItem","position":1,"name":"Startseite","item":"https:\/\/www.imageproduct.com\/"},{"@type":"ListItem","position":2,"name":"Shop","item":"https:\/\/www.imageproduct.com\/shop-2\/"},{"@type":"ListItem","position":3,"name":"Finalt\u00fccher Herren-Hemdenstoffe"}]},{"@type":"WebSite","@id":"https:\/\/www.imageproduct.com\/english\/#website","url":"https:\/\/www.imageproduct.com\/english\/","name":"IMAGE PRODUCT","description":"PROFESSIONELLE ARBEITS- UND VERKAUFSMATERIALIEN F\u00dcR FARB-, STIL- UND IMAGE BERATER\/INNEN","publisher":{"@id":"https:\/\/www.imageproduct.com\/english\/#organization"},"potentialAction":[{"@type":"SearchAction","target":{"@type":"EntryPoint","urlTemplate":"https:\/\/www.imageproduct.com\/english\/?s={search_term_string}"},"query-input":{"@type":"PropertyValueSpecification","valueRequired":true,"valueName":"search_term_string"}}],"inLanguage":"en-GB"},{"@type":"Organization","@id":"https:\/\/www.imageproduct.com\/english\/#organization","name":"IMAGE PRODUCT","url":"https:\/\/www.imageproduct.com\/english\/","logo":{"@type":"ImageObject","inLanguage":"en-GB","@id":"https:\/\/www.imageproduct.com\/english\/#\/schema\/logo\/image\/","url":"https:\/\/www.imageproduct.com\/wp-content\/uploads\/2025\/03\/cropped-ip_logo_274x100-1.png","contentUrl":"https:\/\/www.imageproduct.com\/wp-content\/uploads\/2025\/03\/cropped-ip_logo_274x100-1.png","width":274,"height":100,"caption":"IMAGE PRODUCT"},"image":{"@id":"https:\/\/www.imageproduct.com\/english\/#\/schema\/logo\/image\/"}}]}},"tiered_pricing_type":"fixed","tiered_pricing_fixed_rules":[],"tiered_pricing_product_settings":{"layout":"default","base_unit_name":{"singular":null,"plural":null},"default_variation":null},"tiered_pricing_minimum_quantity":null,"tiered_pricing_roles_data":[],"tiered_pricing_percentage_rules":[],"_links":{"self":[{"href":"https:\/\/www.imageproduct.com\/english\/wp-json\/wp\/v2\/product\/355","targetHints":{"allow":["GET"]}}],"collection":[{"href":"https:\/\/www.imageproduct.com\/english\/wp-json\/wp\/v2\/product"}],"about":[{"href":"https:\/\/www.imageproduct.com\/english\/wp-json\/wp\/v2\/types\/product"}],"version-history":[{"count":0,"href":"https:\/\/www.imageproduct.com\/english\/wp-json\/wp\/v2\/product\/355\/revisions"}],"wp:featuredmedia":[{"embeddable":true,"href":"https:\/\/www.imageproduct.com\/english\/wp-json\/wp\/v2\/media\/3961"}],"wp:attachment":[{"href":"https:\/\/www.imageproduct.com\/english\/wp-json\/wp\/v2\/media?parent=355"}],"wp:term":[{"taxonomy":"product_brand","embeddable":true,"href":"https:\/\/www.imageproduct.com\/english\/wp-json\/wp\/v2\/product_brand?post=355"},{"taxonomy":"product_cat","embeddable":true,"href":"https:\/\/www.imageproduct.com\/english\/wp-json\/wp\/v2\/product_cat?post=355"},{"taxonomy":"product_tag","embeddable":true,"href":"https:\/\/www.imageproduct.com\/english\/wp-json\/wp\/v2\/product_tag?post=355"}],"curies":[{"name":"wp","href":"https:\/\/api.w.org\/{rel}","templated":true}]}}