{"id":1549,"date":"2020-11-10T05:46:28","date_gmt":"2020-11-10T04:46:28","guid":{"rendered":"https:\/\/www.imageproduct.com\/?post_type=product&#038;p=1549"},"modified":"2025-03-04T11:14:11","modified_gmt":"2025-03-04T10:14:11","slug":"digitales-12-typen-set","status":"publish","type":"product","link":"https:\/\/www.imageproduct.com\/english\/shop-2\/digitale-farbberatung\/digitales-12-typen-set\/","title":{"rendered":"Digital Color 12 Type Set"},"content":{"rendered":"<p><u>Content: <\/u><\/p>\n<ul>\n<li>120 Typical Color Drapes: 10 for each Tonal season<\/li>\n<li>72 Neutral Color Drapes: 6 for each Tonal season<\/li>\n<li>12 Ovals: 1 for each Tonal season<em> \u00a0\u00a0\u00a0\u00a0\u00a0\u00a0\u00a0\u00a0\u00a0\u00a0\u00a0\u00a0\u00a0\u00a0\u00a0\u00a0\u00a0\u00a0\u00a0\u00a0\u00a0\u00a0\u00a0\u00a0\u00a0\u00a0\u00a0<\/em><\/li>\n<li>12 Flags: 1 for each Tonal season<\/li>\n<\/ul>\n<p><strong><em>\u00a0<\/em><\/strong><strong><em>Total: 216 different images<\/em><\/strong><\/p>","protected":false},"excerpt":{"rendered":"<p>Consultants who prefer to work with the 12 Season Color Analysis Theory will find this set a perfect match for their consultations. As with the traditional system, each Classic Season is subdivided by temperature (warm\/cool), resonance (clear\/soft) and value (light\/dark), each represented in one tonal focus.  It is now even easier than in an in-person consultation to switch back and forth and show your client using these drapes which tonal focus is best characterized within the seasonal category. Begin the process by contrasting Typical Color and Neutral Color Drapes, to then show the final classification with the ovals around the face and the flags.<\/p>","protected":false},"featured_media":3878,"template":"","meta":{"inline_featured_image":false,"site-sidebar-layout":"default","site-content-layout":"default","ast-site-content-layout":"default","site-content-style":"default","site-sidebar-style":"default","ast-global-header-display":"","ast-banner-title-visibility":"","ast-main-header-display":"","ast-hfb-above-header-display":"","ast-hfb-below-header-display":"","ast-hfb-mobile-header-display":"","site-post-title":"","ast-breadcrumbs-content":"","ast-featured-img":"","footer-sml-layout":"","ast-disable-related-posts":"","theme-transparent-header-meta":"default","adv-header-id-meta":"","stick-header-meta":"","header-above-stick-meta":"","header-main-stick-meta":"","header-below-stick-meta":"","astra-migrate-meta-layouts":"set","ast-page-background-enabled":"default","ast-page-background-meta":{"desktop":{"background-color":"","background-image":"","background-repeat":"repeat","background-position":"center center","background-size":"auto","background-attachment":"scroll","background-type":"","background-media":"","overlay-type":"","overlay-color":"","overlay-opacity":"","overlay-gradient":""},"tablet":{"background-color":"","background-image":"","background-repeat":"repeat","background-position":"center center","background-size":"auto","background-attachment":"scroll","background-type":"","background-media":"","overlay-type":"","overlay-color":"","overlay-opacity":"","overlay-gradient":""},"mobile":{"background-color":"","background-image":"","background-repeat":"repeat","background-position":"center center","background-size":"auto","background-attachment":"scroll","background-type":"","background-media":"","overlay-type":"","overlay-color":"","overlay-opacity":"","overlay-gradient":""}},"ast-content-background-meta":{"desktop":{"background-color":"var(--ast-global-color-5)","background-image":"","background-repeat":"repeat","background-position":"center center","background-size":"auto","background-attachment":"scroll","background-type":"","background-media":"","overlay-type":"","overlay-color":"","overlay-opacity":"","overlay-gradient":""},"tablet":{"background-color":"var(--ast-global-color-5)","background-image":"","background-repeat":"repeat","background-position":"center center","background-size":"auto","background-attachment":"scroll","background-type":"","background-media":"","overlay-type":"","overlay-color":"","overlay-opacity":"","overlay-gradient":""},"mobile":{"background-color":"var(--ast-global-color-5)","background-image":"","background-repeat":"repeat","background-position":"center center","background-size":"auto","background-attachment":"scroll","background-type":"","background-media":"","overlay-type":"","overlay-color":"","overlay-opacity":"","overlay-gradient":""}}},"product_brand":[],"product_cat":[69],"product_tag":[],"class_list":{"0":"post-1549","1":"product","2":"type-product","3":"status-publish","4":"has-post-thumbnail","6":"product_cat-digitale-farbberatung","7":"desktop-align-left","8":"tablet-align-left","9":"mobile-align-left","10":"ast-product-gallery-layout-horizontal-slider","11":"ast-magnify-disabled","12":"ast-product-tabs-layout-horizontal","14":"first","15":"instock","16":"taxable","17":"shipping-taxable","18":"purchasable","19":"product-type-simple"},"yoast_head":"<!-- This site is optimized with the Yoast SEO plugin v27.4 - https:\/\/yoast.com\/product\/yoast-seo-wordpress\/ -->\n<title>Digitales 12 Typen Set - IMAGE PRODUCT<\/title>\n<meta name=\"robots\" content=\"index, follow, max-snippet:-1, max-image-preview:large, max-video-preview:-1\" \/>\n<link rel=\"canonical\" href=\"https:\/\/www.imageproduct.com\/english\/shop-2\/digitale-farbberatung\/digitales-12-typen-set\/\" \/>\n<meta property=\"og:locale\" content=\"en_GB\" \/>\n<meta property=\"og:type\" content=\"article\" \/>\n<meta property=\"og:title\" content=\"Digitales 12 Typen Set - IMAGE PRODUCT\" \/>\n<meta property=\"og:description\" content=\"Wenn man mit den 12 Typen System arbeitet, ist dieses Set am besten passend. Jede der klassischen Jahreszeiten ist nochmals in 3 Untergruppen geteilt, anhand des Wertes, der Temperatur und der Resonanz. Daraus entsteht FR\u00dcHLING HELL, FR\u00dcHLING WARM,\u00a0 FR\u00dcHLING KLAR; SOMMER HELL, SOMMER K\u00dcHL, SOMMER GEDECKT; HERBST DUNKEL, HERBST WARM, HERBST GEDECKT; WINTER DUNKEL, WINTER K\u00dcHL, WINTER KLAR.Man demonstriert mit den Umh\u00e4ngen den Unterschied der Farbkriterien und dann zeigt man alle typischen Farben dieser Gruppe. Anschlie\u00dfend kombiniert man die neutralen Basisfarben dazu. Zus\u00e4tzlich besteht die Option, unz\u00e4hlige Farbkombinationen zu kreieren als auch ein finales Bild mit Flagge oder Oval zusammenzustellen.\" \/>\n<meta property=\"og:url\" content=\"https:\/\/www.imageproduct.com\/english\/shop-2\/digitale-farbberatung\/digitales-12-typen-set\/\" \/>\n<meta property=\"og:site_name\" content=\"IMAGE PRODUCT\" \/>\n<meta property=\"article:modified_time\" content=\"2025-03-04T10:14:11+00:00\" \/>\n<meta property=\"og:image\" content=\"https:\/\/www.imageproduct.com\/wp-content\/uploads\/2020\/11\/digitalberatung-12ty-set1.jpg\" \/>\n\t<meta property=\"og:image:width\" content=\"600\" \/>\n\t<meta property=\"og:image:height\" content=\"600\" \/>\n\t<meta property=\"og:image:type\" content=\"image\/jpeg\" \/>\n<meta name=\"twitter:card\" content=\"summary_large_image\" \/>\n<meta name=\"twitter:label1\" content=\"Estimated reading time\" \/>\n\t<meta name=\"twitter:data1\" content=\"1 minute\" \/>\n<script type=\"application\/ld+json\" class=\"yoast-schema-graph\">{\"@context\":\"https:\\\/\\\/schema.org\",\"@graph\":[{\"@type\":\"WebPage\",\"@id\":\"https:\\\/\\\/www.imageproduct.com\\\/shop-2\\\/digitale-farbberatung\\\/digitales-12-typen-set\\\/\",\"url\":\"https:\\\/\\\/www.imageproduct.com\\\/shop-2\\\/digitale-farbberatung\\\/digitales-12-typen-set\\\/\",\"name\":\"Digitales 12 Typen Set - IMAGE PRODUCT\",\"isPartOf\":{\"@id\":\"https:\\\/\\\/www.imageproduct.com\\\/english\\\/#website\"},\"primaryImageOfPage\":{\"@id\":\"https:\\\/\\\/www.imageproduct.com\\\/shop-2\\\/digitale-farbberatung\\\/digitales-12-typen-set\\\/#primaryimage\"},\"image\":{\"@id\":\"https:\\\/\\\/www.imageproduct.com\\\/shop-2\\\/digitale-farbberatung\\\/digitales-12-typen-set\\\/#primaryimage\"},\"thumbnailUrl\":\"https:\\\/\\\/www.imageproduct.com\\\/wp-content\\\/uploads\\\/2020\\\/11\\\/digitalberatung-12ty-set1.jpg\",\"datePublished\":\"2020-11-10T04:46:28+00:00\",\"dateModified\":\"2025-03-04T10:14:11+00:00\",\"breadcrumb\":{\"@id\":\"https:\\\/\\\/www.imageproduct.com\\\/shop-2\\\/digitale-farbberatung\\\/digitales-12-typen-set\\\/#breadcrumb\"},\"inLanguage\":\"en-GB\",\"potentialAction\":[{\"@type\":\"ReadAction\",\"target\":[\"https:\\\/\\\/www.imageproduct.com\\\/shop-2\\\/digitale-farbberatung\\\/digitales-12-typen-set\\\/\"]}]},{\"@type\":\"ImageObject\",\"inLanguage\":\"en-GB\",\"@id\":\"https:\\\/\\\/www.imageproduct.com\\\/shop-2\\\/digitale-farbberatung\\\/digitales-12-typen-set\\\/#primaryimage\",\"url\":\"https:\\\/\\\/www.imageproduct.com\\\/wp-content\\\/uploads\\\/2020\\\/11\\\/digitalberatung-12ty-set1.jpg\",\"contentUrl\":\"https:\\\/\\\/www.imageproduct.com\\\/wp-content\\\/uploads\\\/2020\\\/11\\\/digitalberatung-12ty-set1.jpg\",\"width\":600,\"height\":600},{\"@type\":\"BreadcrumbList\",\"@id\":\"https:\\\/\\\/www.imageproduct.com\\\/shop-2\\\/digitale-farbberatung\\\/digitales-12-typen-set\\\/#breadcrumb\",\"itemListElement\":[{\"@type\":\"ListItem\",\"position\":1,\"name\":\"Startseite\",\"item\":\"https:\\\/\\\/www.imageproduct.com\\\/\"},{\"@type\":\"ListItem\",\"position\":2,\"name\":\"Shop\",\"item\":\"https:\\\/\\\/www.imageproduct.com\\\/shop-2\\\/\"},{\"@type\":\"ListItem\",\"position\":3,\"name\":\"Digitales 12 Typen Set\"}]},{\"@type\":\"WebSite\",\"@id\":\"https:\\\/\\\/www.imageproduct.com\\\/english\\\/#website\",\"url\":\"https:\\\/\\\/www.imageproduct.com\\\/english\\\/\",\"name\":\"IMAGE PRODUCT\",\"description\":\"PROFESSIONELLE ARBEITS- UND VERKAUFSMATERIALIEN F\u00dcR FARB-, STIL- UND IMAGE BERATER\\\/INNEN\",\"publisher\":{\"@id\":\"https:\\\/\\\/www.imageproduct.com\\\/english\\\/#organization\"},\"potentialAction\":[{\"@type\":\"SearchAction\",\"target\":{\"@type\":\"EntryPoint\",\"urlTemplate\":\"https:\\\/\\\/www.imageproduct.com\\\/english\\\/?s={search_term_string}\"},\"query-input\":{\"@type\":\"PropertyValueSpecification\",\"valueRequired\":true,\"valueName\":\"search_term_string\"}}],\"inLanguage\":\"en-GB\"},{\"@type\":\"Organization\",\"@id\":\"https:\\\/\\\/www.imageproduct.com\\\/english\\\/#organization\",\"name\":\"IMAGE PRODUCT\",\"url\":\"https:\\\/\\\/www.imageproduct.com\\\/english\\\/\",\"logo\":{\"@type\":\"ImageObject\",\"inLanguage\":\"en-GB\",\"@id\":\"https:\\\/\\\/www.imageproduct.com\\\/english\\\/#\\\/schema\\\/logo\\\/image\\\/\",\"url\":\"https:\\\/\\\/www.imageproduct.com\\\/wp-content\\\/uploads\\\/2025\\\/03\\\/cropped-ip_logo_274x100-1.png\",\"contentUrl\":\"https:\\\/\\\/www.imageproduct.com\\\/wp-content\\\/uploads\\\/2025\\\/03\\\/cropped-ip_logo_274x100-1.png\",\"width\":274,\"height\":100,\"caption\":\"IMAGE PRODUCT\"},\"image\":{\"@id\":\"https:\\\/\\\/www.imageproduct.com\\\/english\\\/#\\\/schema\\\/logo\\\/image\\\/\"}}]}<\/script>\n<!-- \/ Yoast SEO plugin. -->","yoast_head_json":{"title":"Digitales 12 Typen Set - IMAGE PRODUCT","robots":{"index":"index","follow":"follow","max-snippet":"max-snippet:-1","max-image-preview":"max-image-preview:large","max-video-preview":"max-video-preview:-1"},"canonical":"https:\/\/www.imageproduct.com\/english\/shop-2\/digitale-farbberatung\/digitales-12-typen-set\/","og_locale":"en_GB","og_type":"article","og_title":"Digitales 12 Typen Set - IMAGE PRODUCT","og_description":"Wenn man mit den 12 Typen System arbeitet, ist dieses Set am besten passend. Jede der klassischen Jahreszeiten ist nochmals in 3 Untergruppen geteilt, anhand des Wertes, der Temperatur und der Resonanz. Daraus entsteht FR\u00dcHLING HELL, FR\u00dcHLING WARM,\u00a0 FR\u00dcHLING KLAR; SOMMER HELL, SOMMER K\u00dcHL, SOMMER GEDECKT; HERBST DUNKEL, HERBST WARM, HERBST GEDECKT; WINTER DUNKEL, WINTER K\u00dcHL, WINTER KLAR.Man demonstriert mit den Umh\u00e4ngen den Unterschied der Farbkriterien und dann zeigt man alle typischen Farben dieser Gruppe. Anschlie\u00dfend kombiniert man die neutralen Basisfarben dazu. Zus\u00e4tzlich besteht die Option, unz\u00e4hlige Farbkombinationen zu kreieren als auch ein finales Bild mit Flagge oder Oval zusammenzustellen.","og_url":"https:\/\/www.imageproduct.com\/english\/shop-2\/digitale-farbberatung\/digitales-12-typen-set\/","og_site_name":"IMAGE PRODUCT","article_modified_time":"2025-03-04T10:14:11+00:00","og_image":[{"width":600,"height":600,"url":"https:\/\/www.imageproduct.com\/wp-content\/uploads\/2020\/11\/digitalberatung-12ty-set1.jpg","type":"image\/jpeg"}],"twitter_card":"summary_large_image","twitter_misc":{"Estimated reading time":"1 minute"},"schema":{"@context":"https:\/\/schema.org","@graph":[{"@type":"WebPage","@id":"https:\/\/www.imageproduct.com\/shop-2\/digitale-farbberatung\/digitales-12-typen-set\/","url":"https:\/\/www.imageproduct.com\/shop-2\/digitale-farbberatung\/digitales-12-typen-set\/","name":"Digitales 12 Typen Set - IMAGE PRODUCT","isPartOf":{"@id":"https:\/\/www.imageproduct.com\/english\/#website"},"primaryImageOfPage":{"@id":"https:\/\/www.imageproduct.com\/shop-2\/digitale-farbberatung\/digitales-12-typen-set\/#primaryimage"},"image":{"@id":"https:\/\/www.imageproduct.com\/shop-2\/digitale-farbberatung\/digitales-12-typen-set\/#primaryimage"},"thumbnailUrl":"https:\/\/www.imageproduct.com\/wp-content\/uploads\/2020\/11\/digitalberatung-12ty-set1.jpg","datePublished":"2020-11-10T04:46:28+00:00","dateModified":"2025-03-04T10:14:11+00:00","breadcrumb":{"@id":"https:\/\/www.imageproduct.com\/shop-2\/digitale-farbberatung\/digitales-12-typen-set\/#breadcrumb"},"inLanguage":"en-GB","potentialAction":[{"@type":"ReadAction","target":["https:\/\/www.imageproduct.com\/shop-2\/digitale-farbberatung\/digitales-12-typen-set\/"]}]},{"@type":"ImageObject","inLanguage":"en-GB","@id":"https:\/\/www.imageproduct.com\/shop-2\/digitale-farbberatung\/digitales-12-typen-set\/#primaryimage","url":"https:\/\/www.imageproduct.com\/wp-content\/uploads\/2020\/11\/digitalberatung-12ty-set1.jpg","contentUrl":"https:\/\/www.imageproduct.com\/wp-content\/uploads\/2020\/11\/digitalberatung-12ty-set1.jpg","width":600,"height":600},{"@type":"BreadcrumbList","@id":"https:\/\/www.imageproduct.com\/shop-2\/digitale-farbberatung\/digitales-12-typen-set\/#breadcrumb","itemListElement":[{"@type":"ListItem","position":1,"name":"Startseite","item":"https:\/\/www.imageproduct.com\/"},{"@type":"ListItem","position":2,"name":"Shop","item":"https:\/\/www.imageproduct.com\/shop-2\/"},{"@type":"ListItem","position":3,"name":"Digitales 12 Typen Set"}]},{"@type":"WebSite","@id":"https:\/\/www.imageproduct.com\/english\/#website","url":"https:\/\/www.imageproduct.com\/english\/","name":"IMAGE PRODUCT","description":"PROFESSIONELLE ARBEITS- UND VERKAUFSMATERIALIEN F\u00dcR FARB-, STIL- UND IMAGE BERATER\/INNEN","publisher":{"@id":"https:\/\/www.imageproduct.com\/english\/#organization"},"potentialAction":[{"@type":"SearchAction","target":{"@type":"EntryPoint","urlTemplate":"https:\/\/www.imageproduct.com\/english\/?s={search_term_string}"},"query-input":{"@type":"PropertyValueSpecification","valueRequired":true,"valueName":"search_term_string"}}],"inLanguage":"en-GB"},{"@type":"Organization","@id":"https:\/\/www.imageproduct.com\/english\/#organization","name":"IMAGE PRODUCT","url":"https:\/\/www.imageproduct.com\/english\/","logo":{"@type":"ImageObject","inLanguage":"en-GB","@id":"https:\/\/www.imageproduct.com\/english\/#\/schema\/logo\/image\/","url":"https:\/\/www.imageproduct.com\/wp-content\/uploads\/2025\/03\/cropped-ip_logo_274x100-1.png","contentUrl":"https:\/\/www.imageproduct.com\/wp-content\/uploads\/2025\/03\/cropped-ip_logo_274x100-1.png","width":274,"height":100,"caption":"IMAGE PRODUCT"},"image":{"@id":"https:\/\/www.imageproduct.com\/english\/#\/schema\/logo\/image\/"}}]}},"tiered_pricing_type":"fixed","tiered_pricing_fixed_rules":[],"tiered_pricing_product_settings":{"layout":"default","base_unit_name":{"singular":null,"plural":null},"default_variation":null},"tiered_pricing_minimum_quantity":null,"tiered_pricing_roles_data":[],"tiered_pricing_percentage_rules":[],"_links":{"self":[{"href":"https:\/\/www.imageproduct.com\/english\/wp-json\/wp\/v2\/product\/1549","targetHints":{"allow":["GET"]}}],"collection":[{"href":"https:\/\/www.imageproduct.com\/english\/wp-json\/wp\/v2\/product"}],"about":[{"href":"https:\/\/www.imageproduct.com\/english\/wp-json\/wp\/v2\/types\/product"}],"version-history":[{"count":0,"href":"https:\/\/www.imageproduct.com\/english\/wp-json\/wp\/v2\/product\/1549\/revisions"}],"wp:featuredmedia":[{"embeddable":true,"href":"https:\/\/www.imageproduct.com\/english\/wp-json\/wp\/v2\/media\/3878"}],"wp:attachment":[{"href":"https:\/\/www.imageproduct.com\/english\/wp-json\/wp\/v2\/media?parent=1549"}],"wp:term":[{"taxonomy":"product_brand","embeddable":true,"href":"https:\/\/www.imageproduct.com\/english\/wp-json\/wp\/v2\/product_brand?post=1549"},{"taxonomy":"product_cat","embeddable":true,"href":"https:\/\/www.imageproduct.com\/english\/wp-json\/wp\/v2\/product_cat?post=1549"},{"taxonomy":"product_tag","embeddable":true,"href":"https:\/\/www.imageproduct.com\/english\/wp-json\/wp\/v2\/product_tag?post=1549"}],"curies":[{"name":"wp","href":"https:\/\/api.w.org\/{rel}","templated":true}]}}