{"id":134,"date":"2024-12-30T06:36:42","date_gmt":"2024-12-30T05:36:42","guid":{"rendered":"https:\/\/project.yumm.at\/imageproduct\/produkt\/textiles\/"},"modified":"2024-12-30T06:36:42","modified_gmt":"2024-12-30T05:36:42","slug":"textiles","status":"publish","type":"product","link":"https:\/\/www.imageproduct.com\/english\/shop-2\/unkategorisiert\/textiles\/","title":{"rendered":"Textiles"},"content":{"rendered":"<h2><strong>Neckline-Set<\/strong><\/h2>\n<p>The different necklines are the perfect device to show your client his\/her ideal neckline. Useable for Men and Women Consultations. The necklines are flexible in width and depth. The set includes 5 different necklines:\nRound neckline, V-neckline, boat neckline, sweetheart neckline, square neckline.<\/p>\n<p><em>5 St\u00fcck, 100% Polyester, pflegeleicht, knitterfrei; Gr\u00f6\u00dfe:\u00a0 55 x 30 cm<\/em><\/p>\n<h2><strong>Collar-Set<\/strong><\/h2>\n<p>This set is the ideal way to show your clients the difference of collars und to demonstrate the favored effect. At the back is an adjustable fastener that enables you to size the collars for each neck.\nThe set includes 5 Women collars (classic blouse collar, short lapel collar, turn down collar, flat collar, roll neck) and 5 Men collars (Kent collar, straight point collar, shark collar, variable collar, button-down-collar)<\/p>\n<p><em>10 pieces, 100% white cotton, washable, Size (apporx.):  24 x 20 inch (60 x 40 cm)<\/em><\/p>\n<h2><strong>Revers-Set<\/strong><\/h2>\n<p>A demonstration of the adequate lapel is the perfect finish for each style consultation. With the help of the left implied coatside the suitable lapel shape and length for women and men can be found. Available are the classic lapel, the notch lapel and the peak lapel. Ideal for a combination with subjacent collars. The right shoulder is free for color or fabric suggestions.<\/p>\n<p><em>3 pieces, wool \u2013 polyester- mixture, easy-care, crease-resistant; Size (approx.): 28 x 12 inch (70 x 30 cm)<\/em><\/p>\n<h2><strong>Farb- Beratungsumhang &amp; Haarband<\/strong><\/h2>\n<p>Um bei der Farbberatung die Kleidung und die Haare des Kunden neutral abzudecken, verwendet man den blickdichten Kundenumhang und das dazu passende Haarband. Beide wurden speziell daf\u00fcr entwickelt und sind einfach anzuwenden. F\u00fcr die harmonische Abstimmung mit dem Berater stehen folgende Farben zur Auswahl:<br \/>\nweiss \u2013 creme \u2013 natur \u2013 sand \u2013 beige.<\/p>\n<p><em>cape: 100% cotton, with a band in the neck for closing; Size (approx): 40 x 40 inch (100 x 100 cm)<\/em><\/p>\n<div>\n<p><em>hair-band: 100% cotton-jersey, elastic, Size (approx): 12 x 4 inch (30 x 9 cm)<\/em><\/p>\n<\/div>","protected":false},"excerpt":{"rendered":"<p>Ausschnitt-Set Mit den unterschiedlichen Ausschnittformen kann man die optimale Variante direkt am Kunden demonstrieren. Egal ob in der Damen- oder Herrenberatung, die Ausschnitte sind in Breite und Tiefe flexibel anwendbar. Das Set beinhaltet 5 Ausschnittformen: Rundhals-Ausschnitt, V-Ausschnitt, Boot-Ausschnitt, Herz-Ausschnitt, Karree-Ausschnitt. 5 St\u00fcck, 100% Polyester, pflegeleicht, knitterfrei; Gr\u00f6\u00dfe:\u00a0 55 x 30 cm Kr\u00e4gen-Set Um den Kund\/innen [&hellip;]<\/p>\n","protected":false},"featured_media":0,"template":"","meta":{"inline_featured_image":false,"site-sidebar-layout":"default","site-content-layout":"","ast-site-content-layout":"default","site-content-style":"default","site-sidebar-style":"default","ast-global-header-display":"","ast-banner-title-visibility":"","ast-main-header-display":"","ast-hfb-above-header-display":"","ast-hfb-below-header-display":"","ast-hfb-mobile-header-display":"","site-post-title":"","ast-breadcrumbs-content":"","ast-featured-img":"","footer-sml-layout":"","ast-disable-related-posts":"","theme-transparent-header-meta":"","adv-header-id-meta":"","stick-header-meta":"","header-above-stick-meta":"","header-main-stick-meta":"","header-below-stick-meta":"","astra-migrate-meta-layouts":"default","ast-page-background-enabled":"default","ast-page-background-meta":{"desktop":{"background-color":"","background-image":"","background-repeat":"repeat","background-position":"center center","background-size":"auto","background-attachment":"scroll","background-type":"","background-media":"","overlay-type":"","overlay-color":"","overlay-opacity":"","overlay-gradient":""},"tablet":{"background-color":"","background-image":"","background-repeat":"repeat","background-position":"center center","background-size":"auto","background-attachment":"scroll","background-type":"","background-media":"","overlay-type":"","overlay-color":"","overlay-opacity":"","overlay-gradient":""},"mobile":{"background-color":"","background-image":"","background-repeat":"repeat","background-position":"center center","background-size":"auto","background-attachment":"scroll","background-type":"","background-media":"","overlay-type":"","overlay-color":"","overlay-opacity":"","overlay-gradient":""}},"ast-content-background-meta":{"desktop":{"background-color":"var(--ast-global-color-5)","background-image":"","background-repeat":"repeat","background-position":"center center","background-size":"auto","background-attachment":"scroll","background-type":"","background-media":"","overlay-type":"","overlay-color":"","overlay-opacity":"","overlay-gradient":""},"tablet":{"background-color":"var(--ast-global-color-5)","background-image":"","background-repeat":"repeat","background-position":"center center","background-size":"auto","background-attachment":"scroll","background-type":"","background-media":"","overlay-type":"","overlay-color":"","overlay-opacity":"","overlay-gradient":""},"mobile":{"background-color":"var(--ast-global-color-5)","background-image":"","background-repeat":"repeat","background-position":"center center","background-size":"auto","background-attachment":"scroll","background-type":"","background-media":"","overlay-type":"","overlay-color":"","overlay-opacity":"","overlay-gradient":""}}},"product_brand":[],"product_cat":[15],"product_tag":[],"class_list":{"0":"post-134","1":"product","2":"type-product","3":"status-publish","5":"product_cat-unkategorisiert","6":"desktop-align-left","7":"tablet-align-left","8":"mobile-align-left","9":"ast-product-gallery-layout-horizontal-slider","10":"ast-product-gallery-with-no-image","11":"ast-product-tabs-layout-horizontal","13":"first","14":"instock","15":"taxable","16":"shipping-taxable","17":"product-type-grouped"},"yoast_head":"<!-- This site is optimized with the Yoast SEO plugin v26.9 - https:\/\/yoast.com\/product\/yoast-seo-wordpress\/ -->\n<title>Textiles - IMAGE PRODUCT<\/title>\n<meta name=\"robots\" content=\"index, follow, max-snippet:-1, max-image-preview:large, max-video-preview:-1\" \/>\n<link rel=\"canonical\" href=\"https:\/\/www.imageproduct.com\/english\/shop-2\/unkategorisiert\/textiles\/\" \/>\n<meta property=\"og:locale\" content=\"en_GB\" \/>\n<meta property=\"og:type\" content=\"article\" \/>\n<meta property=\"og:title\" content=\"Textiles - IMAGE PRODUCT\" \/>\n<meta property=\"og:description\" content=\"Ausschnitt-Set Mit den unterschiedlichen Ausschnittformen kann man die optimale Variante direkt am Kunden demonstrieren. Egal ob in der Damen- oder Herrenberatung, die Ausschnitte sind in Breite und Tiefe flexibel anwendbar. Das Set beinhaltet 5 Ausschnittformen: Rundhals-Ausschnitt, V-Ausschnitt, Boot-Ausschnitt, Herz-Ausschnitt, Karree-Ausschnitt. 5 St\u00fcck, 100% Polyester, pflegeleicht, knitterfrei; Gr\u00f6\u00dfe:\u00a0 55 x 30 cm Kr\u00e4gen-Set Um den Kund\/innen [&hellip;]\" \/>\n<meta property=\"og:url\" content=\"https:\/\/www.imageproduct.com\/english\/shop-2\/unkategorisiert\/textiles\/\" \/>\n<meta property=\"og:site_name\" content=\"IMAGE PRODUCT\" \/>\n<meta name=\"twitter:card\" content=\"summary_large_image\" \/>\n<meta name=\"twitter:label1\" content=\"Estimated reading time\" \/>\n\t<meta name=\"twitter:data1\" content=\"1 minute\" \/>\n<script type=\"application\/ld+json\" class=\"yoast-schema-graph\">{\"@context\":\"https:\/\/schema.org\",\"@graph\":[{\"@type\":\"WebPage\",\"@id\":\"https:\/\/www.imageproduct.com\/shop-2\/unkategorisiert\/textiles\/\",\"url\":\"https:\/\/www.imageproduct.com\/shop-2\/unkategorisiert\/textiles\/\",\"name\":\"Textiles - IMAGE PRODUCT\",\"isPartOf\":{\"@id\":\"https:\/\/www.imageproduct.com\/english\/#website\"},\"datePublished\":\"2024-12-30T05:36:42+00:00\",\"breadcrumb\":{\"@id\":\"https:\/\/www.imageproduct.com\/shop-2\/unkategorisiert\/textiles\/#breadcrumb\"},\"inLanguage\":\"en-GB\",\"potentialAction\":[{\"@type\":\"ReadAction\",\"target\":[\"https:\/\/www.imageproduct.com\/shop-2\/unkategorisiert\/textiles\/\"]}]},{\"@type\":\"BreadcrumbList\",\"@id\":\"https:\/\/www.imageproduct.com\/shop-2\/unkategorisiert\/textiles\/#breadcrumb\",\"itemListElement\":[{\"@type\":\"ListItem\",\"position\":1,\"name\":\"Startseite\",\"item\":\"https:\/\/www.imageproduct.com\/\"},{\"@type\":\"ListItem\",\"position\":2,\"name\":\"Shop\",\"item\":\"https:\/\/www.imageproduct.com\/shop-2\/\"},{\"@type\":\"ListItem\",\"position\":3,\"name\":\"Textiles\"}]},{\"@type\":\"WebSite\",\"@id\":\"https:\/\/www.imageproduct.com\/english\/#website\",\"url\":\"https:\/\/www.imageproduct.com\/english\/\",\"name\":\"IMAGE PRODUCT\",\"description\":\"PROFESSIONELLE ARBEITS- UND VERKAUFSMATERIALIEN F\u00dcR FARB-, STIL- UND IMAGE BERATER\/INNEN\",\"publisher\":{\"@id\":\"https:\/\/www.imageproduct.com\/english\/#organization\"},\"potentialAction\":[{\"@type\":\"SearchAction\",\"target\":{\"@type\":\"EntryPoint\",\"urlTemplate\":\"https:\/\/www.imageproduct.com\/english\/?s={search_term_string}\"},\"query-input\":{\"@type\":\"PropertyValueSpecification\",\"valueRequired\":true,\"valueName\":\"search_term_string\"}}],\"inLanguage\":\"en-GB\"},{\"@type\":\"Organization\",\"@id\":\"https:\/\/www.imageproduct.com\/english\/#organization\",\"name\":\"IMAGE PRODUCT\",\"url\":\"https:\/\/www.imageproduct.com\/english\/\",\"logo\":{\"@type\":\"ImageObject\",\"inLanguage\":\"en-GB\",\"@id\":\"https:\/\/www.imageproduct.com\/english\/#\/schema\/logo\/image\/\",\"url\":\"https:\/\/www.imageproduct.com\/wp-content\/uploads\/2025\/03\/cropped-ip_logo_274x100-1.png\",\"contentUrl\":\"https:\/\/www.imageproduct.com\/wp-content\/uploads\/2025\/03\/cropped-ip_logo_274x100-1.png\",\"width\":274,\"height\":100,\"caption\":\"IMAGE PRODUCT\"},\"image\":{\"@id\":\"https:\/\/www.imageproduct.com\/english\/#\/schema\/logo\/image\/\"}}]}<\/script>\n<!-- \/ Yoast SEO plugin. -->","yoast_head_json":{"title":"Textiles - IMAGE PRODUCT","robots":{"index":"index","follow":"follow","max-snippet":"max-snippet:-1","max-image-preview":"max-image-preview:large","max-video-preview":"max-video-preview:-1"},"canonical":"https:\/\/www.imageproduct.com\/english\/shop-2\/unkategorisiert\/textiles\/","og_locale":"en_GB","og_type":"article","og_title":"Textiles - IMAGE PRODUCT","og_description":"Ausschnitt-Set Mit den unterschiedlichen Ausschnittformen kann man die optimale Variante direkt am Kunden demonstrieren. Egal ob in der Damen- oder Herrenberatung, die Ausschnitte sind in Breite und Tiefe flexibel anwendbar. Das Set beinhaltet 5 Ausschnittformen: Rundhals-Ausschnitt, V-Ausschnitt, Boot-Ausschnitt, Herz-Ausschnitt, Karree-Ausschnitt. 5 St\u00fcck, 100% Polyester, pflegeleicht, knitterfrei; Gr\u00f6\u00dfe:\u00a0 55 x 30 cm Kr\u00e4gen-Set Um den Kund\/innen [&hellip;]","og_url":"https:\/\/www.imageproduct.com\/english\/shop-2\/unkategorisiert\/textiles\/","og_site_name":"IMAGE PRODUCT","twitter_card":"summary_large_image","twitter_misc":{"Estimated reading time":"1 minute"},"schema":{"@context":"https:\/\/schema.org","@graph":[{"@type":"WebPage","@id":"https:\/\/www.imageproduct.com\/shop-2\/unkategorisiert\/textiles\/","url":"https:\/\/www.imageproduct.com\/shop-2\/unkategorisiert\/textiles\/","name":"Textiles - IMAGE PRODUCT","isPartOf":{"@id":"https:\/\/www.imageproduct.com\/english\/#website"},"datePublished":"2024-12-30T05:36:42+00:00","breadcrumb":{"@id":"https:\/\/www.imageproduct.com\/shop-2\/unkategorisiert\/textiles\/#breadcrumb"},"inLanguage":"en-GB","potentialAction":[{"@type":"ReadAction","target":["https:\/\/www.imageproduct.com\/shop-2\/unkategorisiert\/textiles\/"]}]},{"@type":"BreadcrumbList","@id":"https:\/\/www.imageproduct.com\/shop-2\/unkategorisiert\/textiles\/#breadcrumb","itemListElement":[{"@type":"ListItem","position":1,"name":"Startseite","item":"https:\/\/www.imageproduct.com\/"},{"@type":"ListItem","position":2,"name":"Shop","item":"https:\/\/www.imageproduct.com\/shop-2\/"},{"@type":"ListItem","position":3,"name":"Textiles"}]},{"@type":"WebSite","@id":"https:\/\/www.imageproduct.com\/english\/#website","url":"https:\/\/www.imageproduct.com\/english\/","name":"IMAGE PRODUCT","description":"PROFESSIONELLE ARBEITS- UND VERKAUFSMATERIALIEN F\u00dcR FARB-, STIL- UND IMAGE BERATER\/INNEN","publisher":{"@id":"https:\/\/www.imageproduct.com\/english\/#organization"},"potentialAction":[{"@type":"SearchAction","target":{"@type":"EntryPoint","urlTemplate":"https:\/\/www.imageproduct.com\/english\/?s={search_term_string}"},"query-input":{"@type":"PropertyValueSpecification","valueRequired":true,"valueName":"search_term_string"}}],"inLanguage":"en-GB"},{"@type":"Organization","@id":"https:\/\/www.imageproduct.com\/english\/#organization","name":"IMAGE PRODUCT","url":"https:\/\/www.imageproduct.com\/english\/","logo":{"@type":"ImageObject","inLanguage":"en-GB","@id":"https:\/\/www.imageproduct.com\/english\/#\/schema\/logo\/image\/","url":"https:\/\/www.imageproduct.com\/wp-content\/uploads\/2025\/03\/cropped-ip_logo_274x100-1.png","contentUrl":"https:\/\/www.imageproduct.com\/wp-content\/uploads\/2025\/03\/cropped-ip_logo_274x100-1.png","width":274,"height":100,"caption":"IMAGE PRODUCT"},"image":{"@id":"https:\/\/www.imageproduct.com\/english\/#\/schema\/logo\/image\/"}}]}},"tiered_pricing_type":"fixed","tiered_pricing_fixed_rules":[],"tiered_pricing_product_settings":{"layout":"default","base_unit_name":{"singular":null,"plural":null},"default_variation":null},"tiered_pricing_minimum_quantity":null,"tiered_pricing_roles_data":[],"tiered_pricing_percentage_rules":[],"_links":{"self":[{"href":"https:\/\/www.imageproduct.com\/english\/wp-json\/wp\/v2\/product\/134","targetHints":{"allow":["GET"]}}],"collection":[{"href":"https:\/\/www.imageproduct.com\/english\/wp-json\/wp\/v2\/product"}],"about":[{"href":"https:\/\/www.imageproduct.com\/english\/wp-json\/wp\/v2\/types\/product"}],"version-history":[{"count":0,"href":"https:\/\/www.imageproduct.com\/english\/wp-json\/wp\/v2\/product\/134\/revisions"}],"wp:attachment":[{"href":"https:\/\/www.imageproduct.com\/english\/wp-json\/wp\/v2\/media?parent=134"}],"wp:term":[{"taxonomy":"product_brand","embeddable":true,"href":"https:\/\/www.imageproduct.com\/english\/wp-json\/wp\/v2\/product_brand?post=134"},{"taxonomy":"product_cat","embeddable":true,"href":"https:\/\/www.imageproduct.com\/english\/wp-json\/wp\/v2\/product_cat?post=134"},{"taxonomy":"product_tag","embeddable":true,"href":"https:\/\/www.imageproduct.com\/english\/wp-json\/wp\/v2\/product_tag?post=134"}],"curies":[{"name":"wp","href":"https:\/\/api.w.org\/{rel}","templated":true}]}}