{"id":124,"date":"2012-04-30T10:59:25","date_gmt":"2012-04-30T08:59:25","guid":{"rendered":"https:\/\/project.yumm.at\/imageproduct\/produkt\/farbflaggen-zwischentypen-set\/"},"modified":"2025-03-03T07:06:15","modified_gmt":"2025-03-03T06:06:15","slug":"farbflaggen-zwischentypen-set","status":"publish","type":"product","link":"https:\/\/www.imageproduct.com\/english\/shop-2\/farbflaggen\/farbflaggen-zwischentypen-set\/","title":{"rendered":"Color flags set - 6 intermediate types"},"content":{"rendered":"<p>Color Flags are ideal for a quick analysis or supporting a presentation.<\/p>\n<p>This flags are also for making visible the differences of light-dark\/cool-warm\/clear-muted color effects and the 4 seasons.<\/p>\n<p>Selected nuances of the Color Swatch Wallets and ColorCards are harmoniously combined and presented.<\/p>\n<p>Complete set consisting of all 6 intermediate types!<\/p>\n<div>\n<p><em>10 different flags, each a total of 28 nuances; size 70cm x 30 cm; bound hem with neutral backfilling;<\/em><\/p>\n<\/div>","protected":false},"excerpt":{"rendered":"<p>Hervorragend verwendbar f\u00fcr Pr\u00e4sentationen und die Schnell- Analyse bzw. zur Differenzierung der Farbkriterien hell-dunkel\/ k\u00fchl- warm\/ klar-gedeckt. Auch in allen 4 Jahreszeiten erh\u00e4ltlich! Viele Farbnuancen der Farbp\u00e4sse sind in einem harmonischen Ablauf zusammengestellt. Komplettes Set bestehend aus allen 6 Zwischentypen! Insgesamt je 28 Nuancen; Gr\u00f6\u00dfe 70 x 30 cm; ums\u00e4umt und neutral hinterf\u00fcttert.<\/p>","protected":false},"featured_media":3957,"template":"","meta":{"inline_featured_image":false,"site-sidebar-layout":"default","site-content-layout":"default","ast-site-content-layout":"default","site-content-style":"default","site-sidebar-style":"default","ast-global-header-display":"","ast-banner-title-visibility":"","ast-main-header-display":"","ast-hfb-above-header-display":"","ast-hfb-below-header-display":"","ast-hfb-mobile-header-display":"","site-post-title":"","ast-breadcrumbs-content":"","ast-featured-img":"","footer-sml-layout":"","ast-disable-related-posts":"","theme-transparent-header-meta":"default","adv-header-id-meta":"","stick-header-meta":"","header-above-stick-meta":"","header-main-stick-meta":"","header-below-stick-meta":"","astra-migrate-meta-layouts":"default","ast-page-background-enabled":"default","ast-page-background-meta":{"desktop":{"background-color":"","background-image":"","background-repeat":"repeat","background-position":"center center","background-size":"auto","background-attachment":"scroll","background-type":"","background-media":"","overlay-type":"","overlay-color":"","overlay-opacity":"","overlay-gradient":""},"tablet":{"background-color":"","background-image":"","background-repeat":"repeat","background-position":"center center","background-size":"auto","background-attachment":"scroll","background-type":"","background-media":"","overlay-type":"","overlay-color":"","overlay-opacity":"","overlay-gradient":""},"mobile":{"background-color":"","background-image":"","background-repeat":"repeat","background-position":"center center","background-size":"auto","background-attachment":"scroll","background-type":"","background-media":"","overlay-type":"","overlay-color":"","overlay-opacity":"","overlay-gradient":""}},"ast-content-background-meta":{"desktop":{"background-color":"var(--ast-global-color-5)","background-image":"","background-repeat":"repeat","background-position":"center center","background-size":"auto","background-attachment":"scroll","background-type":"","background-media":"","overlay-type":"","overlay-color":"","overlay-opacity":"","overlay-gradient":""},"tablet":{"background-color":"var(--ast-global-color-5)","background-image":"","background-repeat":"repeat","background-position":"center center","background-size":"auto","background-attachment":"scroll","background-type":"","background-media":"","overlay-type":"","overlay-color":"","overlay-opacity":"","overlay-gradient":""},"mobile":{"background-color":"var(--ast-global-color-5)","background-image":"","background-repeat":"repeat","background-position":"center center","background-size":"auto","background-attachment":"scroll","background-type":"","background-media":"","overlay-type":"","overlay-color":"","overlay-opacity":"","overlay-gradient":""}}},"product_brand":[],"product_cat":[17],"product_tag":[],"class_list":{"0":"post-124","1":"product","2":"type-product","3":"status-publish","4":"has-post-thumbnail","6":"product_cat-farbflaggen","7":"desktop-align-left","8":"tablet-align-left","9":"mobile-align-left","10":"ast-product-gallery-layout-horizontal-slider","11":"ast-product-gallery-with-no-image","12":"ast-magnify-disabled","13":"ast-product-tabs-layout-horizontal","15":"first","16":"instock","17":"taxable","18":"shipping-taxable","19":"purchasable","20":"product-type-simple"},"yoast_head":"<!-- This site is optimized with the Yoast SEO plugin v27.4 - https:\/\/yoast.com\/product\/yoast-seo-wordpress\/ -->\n<title>Farbflaggen Set - 6 Zwischentypen - IMAGE PRODUCT<\/title>\n<meta name=\"robots\" content=\"index, follow, max-snippet:-1, max-image-preview:large, max-video-preview:-1\" \/>\n<link rel=\"canonical\" href=\"https:\/\/www.imageproduct.com\/english\/shop-2\/farbflaggen\/farbflaggen-zwischentypen-set\/\" \/>\n<meta property=\"og:locale\" content=\"en_GB\" \/>\n<meta property=\"og:type\" content=\"article\" \/>\n<meta property=\"og:title\" content=\"Farbflaggen Set - 6 Zwischentypen - IMAGE PRODUCT\" \/>\n<meta property=\"og:description\" content=\"Hervorragend verwendbar f\u00fcr Pr\u00e4sentationen und die Schnell- Analyse bzw. zur Differenzierung der Farbkriterien hell-dunkel\/ k\u00fchl- warm\/ klar-gedeckt. Auch in allen 4 Jahreszeiten erh\u00e4ltlich! Viele Farbnuancen der Farbp\u00e4sse sind in einem harmonischen Ablauf zusammengestellt. Komplettes Set bestehend aus allen 6 Zwischentypen! Insgesamt je 28 Nuancen; Gr\u00f6\u00dfe 70 x 30 cm; ums\u00e4umt und neutral hinterf\u00fcttert.\" \/>\n<meta property=\"og:url\" content=\"https:\/\/www.imageproduct.com\/english\/shop-2\/farbflaggen\/farbflaggen-zwischentypen-set\/\" \/>\n<meta property=\"og:site_name\" content=\"IMAGE PRODUCT\" \/>\n<meta property=\"article:modified_time\" content=\"2025-03-03T06:06:15+00:00\" \/>\n<meta property=\"og:image\" content=\"https:\/\/www.imageproduct.com\/wp-content\/uploads\/2012\/04\/flaggen_6er_set.jpg\" \/>\n\t<meta property=\"og:image:width\" content=\"600\" \/>\n\t<meta property=\"og:image:height\" content=\"600\" \/>\n\t<meta property=\"og:image:type\" content=\"image\/jpeg\" \/>\n<meta name=\"twitter:card\" content=\"summary_large_image\" \/>\n<script type=\"application\/ld+json\" class=\"yoast-schema-graph\">{\"@context\":\"https:\\\/\\\/schema.org\",\"@graph\":[{\"@type\":\"WebPage\",\"@id\":\"https:\\\/\\\/www.imageproduct.com\\\/shop-2\\\/farbflaggen\\\/farbflaggen-zwischentypen-set\\\/\",\"url\":\"https:\\\/\\\/www.imageproduct.com\\\/shop-2\\\/farbflaggen\\\/farbflaggen-zwischentypen-set\\\/\",\"name\":\"Farbflaggen Set - 6 Zwischentypen - IMAGE PRODUCT\",\"isPartOf\":{\"@id\":\"https:\\\/\\\/www.imageproduct.com\\\/english\\\/#website\"},\"primaryImageOfPage\":{\"@id\":\"https:\\\/\\\/www.imageproduct.com\\\/shop-2\\\/farbflaggen\\\/farbflaggen-zwischentypen-set\\\/#primaryimage\"},\"image\":{\"@id\":\"https:\\\/\\\/www.imageproduct.com\\\/shop-2\\\/farbflaggen\\\/farbflaggen-zwischentypen-set\\\/#primaryimage\"},\"thumbnailUrl\":\"https:\\\/\\\/www.imageproduct.com\\\/wp-content\\\/uploads\\\/2025\\\/03\\\/flaggen_6er_set.jpg\",\"datePublished\":\"2012-04-30T08:59:25+00:00\",\"dateModified\":\"2025-03-03T06:06:15+00:00\",\"breadcrumb\":{\"@id\":\"https:\\\/\\\/www.imageproduct.com\\\/shop-2\\\/farbflaggen\\\/farbflaggen-zwischentypen-set\\\/#breadcrumb\"},\"inLanguage\":\"en-GB\",\"potentialAction\":[{\"@type\":\"ReadAction\",\"target\":[\"https:\\\/\\\/www.imageproduct.com\\\/shop-2\\\/farbflaggen\\\/farbflaggen-zwischentypen-set\\\/\"]}]},{\"@type\":\"ImageObject\",\"inLanguage\":\"en-GB\",\"@id\":\"https:\\\/\\\/www.imageproduct.com\\\/shop-2\\\/farbflaggen\\\/farbflaggen-zwischentypen-set\\\/#primaryimage\",\"url\":\"https:\\\/\\\/www.imageproduct.com\\\/wp-content\\\/uploads\\\/2025\\\/03\\\/flaggen_6er_set.jpg\",\"contentUrl\":\"https:\\\/\\\/www.imageproduct.com\\\/wp-content\\\/uploads\\\/2025\\\/03\\\/flaggen_6er_set.jpg\",\"width\":600,\"height\":600},{\"@type\":\"BreadcrumbList\",\"@id\":\"https:\\\/\\\/www.imageproduct.com\\\/shop-2\\\/farbflaggen\\\/farbflaggen-zwischentypen-set\\\/#breadcrumb\",\"itemListElement\":[{\"@type\":\"ListItem\",\"position\":1,\"name\":\"Startseite\",\"item\":\"https:\\\/\\\/www.imageproduct.com\\\/\"},{\"@type\":\"ListItem\",\"position\":2,\"name\":\"Shop\",\"item\":\"https:\\\/\\\/www.imageproduct.com\\\/shop-2\\\/\"},{\"@type\":\"ListItem\",\"position\":3,\"name\":\"Farbflaggen\",\"item\":\"https:\\\/\\\/www.imageproduct.com\\\/shop-2\\\/unkategorisiert\\\/farbflaggen\\\/\"},{\"@type\":\"ListItem\",\"position\":4,\"name\":\"Farbflaggen Set &#8211; 6 Zwischentypen\"}]},{\"@type\":\"WebSite\",\"@id\":\"https:\\\/\\\/www.imageproduct.com\\\/english\\\/#website\",\"url\":\"https:\\\/\\\/www.imageproduct.com\\\/english\\\/\",\"name\":\"IMAGE PRODUCT\",\"description\":\"PROFESSIONELLE ARBEITS- UND VERKAUFSMATERIALIEN F\u00dcR FARB-, STIL- UND IMAGE BERATER\\\/INNEN\",\"publisher\":{\"@id\":\"https:\\\/\\\/www.imageproduct.com\\\/english\\\/#organization\"},\"potentialAction\":[{\"@type\":\"SearchAction\",\"target\":{\"@type\":\"EntryPoint\",\"urlTemplate\":\"https:\\\/\\\/www.imageproduct.com\\\/english\\\/?s={search_term_string}\"},\"query-input\":{\"@type\":\"PropertyValueSpecification\",\"valueRequired\":true,\"valueName\":\"search_term_string\"}}],\"inLanguage\":\"en-GB\"},{\"@type\":\"Organization\",\"@id\":\"https:\\\/\\\/www.imageproduct.com\\\/english\\\/#organization\",\"name\":\"IMAGE PRODUCT\",\"url\":\"https:\\\/\\\/www.imageproduct.com\\\/english\\\/\",\"logo\":{\"@type\":\"ImageObject\",\"inLanguage\":\"en-GB\",\"@id\":\"https:\\\/\\\/www.imageproduct.com\\\/english\\\/#\\\/schema\\\/logo\\\/image\\\/\",\"url\":\"https:\\\/\\\/www.imageproduct.com\\\/wp-content\\\/uploads\\\/2025\\\/03\\\/cropped-ip_logo_274x100-1.png\",\"contentUrl\":\"https:\\\/\\\/www.imageproduct.com\\\/wp-content\\\/uploads\\\/2025\\\/03\\\/cropped-ip_logo_274x100-1.png\",\"width\":274,\"height\":100,\"caption\":\"IMAGE PRODUCT\"},\"image\":{\"@id\":\"https:\\\/\\\/www.imageproduct.com\\\/english\\\/#\\\/schema\\\/logo\\\/image\\\/\"}}]}<\/script>\n<!-- \/ Yoast SEO plugin. -->","yoast_head_json":{"title":"Farbflaggen Set - 6 Zwischentypen - IMAGE PRODUCT","robots":{"index":"index","follow":"follow","max-snippet":"max-snippet:-1","max-image-preview":"max-image-preview:large","max-video-preview":"max-video-preview:-1"},"canonical":"https:\/\/www.imageproduct.com\/english\/shop-2\/farbflaggen\/farbflaggen-zwischentypen-set\/","og_locale":"en_GB","og_type":"article","og_title":"Farbflaggen Set - 6 Zwischentypen - IMAGE PRODUCT","og_description":"Hervorragend verwendbar f\u00fcr Pr\u00e4sentationen und die Schnell- Analyse bzw. zur Differenzierung der Farbkriterien hell-dunkel\/ k\u00fchl- warm\/ klar-gedeckt. Auch in allen 4 Jahreszeiten erh\u00e4ltlich! Viele Farbnuancen der Farbp\u00e4sse sind in einem harmonischen Ablauf zusammengestellt. Komplettes Set bestehend aus allen 6 Zwischentypen! Insgesamt je 28 Nuancen; Gr\u00f6\u00dfe 70 x 30 cm; ums\u00e4umt und neutral hinterf\u00fcttert.","og_url":"https:\/\/www.imageproduct.com\/english\/shop-2\/farbflaggen\/farbflaggen-zwischentypen-set\/","og_site_name":"IMAGE PRODUCT","article_modified_time":"2025-03-03T06:06:15+00:00","og_image":[{"width":600,"height":600,"url":"https:\/\/www.imageproduct.com\/wp-content\/uploads\/2012\/04\/flaggen_6er_set.jpg","type":"image\/jpeg"}],"twitter_card":"summary_large_image","schema":{"@context":"https:\/\/schema.org","@graph":[{"@type":"WebPage","@id":"https:\/\/www.imageproduct.com\/shop-2\/farbflaggen\/farbflaggen-zwischentypen-set\/","url":"https:\/\/www.imageproduct.com\/shop-2\/farbflaggen\/farbflaggen-zwischentypen-set\/","name":"Farbflaggen Set - 6 Zwischentypen - IMAGE PRODUCT","isPartOf":{"@id":"https:\/\/www.imageproduct.com\/english\/#website"},"primaryImageOfPage":{"@id":"https:\/\/www.imageproduct.com\/shop-2\/farbflaggen\/farbflaggen-zwischentypen-set\/#primaryimage"},"image":{"@id":"https:\/\/www.imageproduct.com\/shop-2\/farbflaggen\/farbflaggen-zwischentypen-set\/#primaryimage"},"thumbnailUrl":"https:\/\/www.imageproduct.com\/wp-content\/uploads\/2025\/03\/flaggen_6er_set.jpg","datePublished":"2012-04-30T08:59:25+00:00","dateModified":"2025-03-03T06:06:15+00:00","breadcrumb":{"@id":"https:\/\/www.imageproduct.com\/shop-2\/farbflaggen\/farbflaggen-zwischentypen-set\/#breadcrumb"},"inLanguage":"en-GB","potentialAction":[{"@type":"ReadAction","target":["https:\/\/www.imageproduct.com\/shop-2\/farbflaggen\/farbflaggen-zwischentypen-set\/"]}]},{"@type":"ImageObject","inLanguage":"en-GB","@id":"https:\/\/www.imageproduct.com\/shop-2\/farbflaggen\/farbflaggen-zwischentypen-set\/#primaryimage","url":"https:\/\/www.imageproduct.com\/wp-content\/uploads\/2025\/03\/flaggen_6er_set.jpg","contentUrl":"https:\/\/www.imageproduct.com\/wp-content\/uploads\/2025\/03\/flaggen_6er_set.jpg","width":600,"height":600},{"@type":"BreadcrumbList","@id":"https:\/\/www.imageproduct.com\/shop-2\/farbflaggen\/farbflaggen-zwischentypen-set\/#breadcrumb","itemListElement":[{"@type":"ListItem","position":1,"name":"Startseite","item":"https:\/\/www.imageproduct.com\/"},{"@type":"ListItem","position":2,"name":"Shop","item":"https:\/\/www.imageproduct.com\/shop-2\/"},{"@type":"ListItem","position":3,"name":"Farbflaggen","item":"https:\/\/www.imageproduct.com\/shop-2\/unkategorisiert\/farbflaggen\/"},{"@type":"ListItem","position":4,"name":"Farbflaggen Set &#8211; 6 Zwischentypen"}]},{"@type":"WebSite","@id":"https:\/\/www.imageproduct.com\/english\/#website","url":"https:\/\/www.imageproduct.com\/english\/","name":"IMAGE PRODUCT","description":"PROFESSIONELLE ARBEITS- UND VERKAUFSMATERIALIEN F\u00dcR FARB-, STIL- UND IMAGE BERATER\/INNEN","publisher":{"@id":"https:\/\/www.imageproduct.com\/english\/#organization"},"potentialAction":[{"@type":"SearchAction","target":{"@type":"EntryPoint","urlTemplate":"https:\/\/www.imageproduct.com\/english\/?s={search_term_string}"},"query-input":{"@type":"PropertyValueSpecification","valueRequired":true,"valueName":"search_term_string"}}],"inLanguage":"en-GB"},{"@type":"Organization","@id":"https:\/\/www.imageproduct.com\/english\/#organization","name":"IMAGE PRODUCT","url":"https:\/\/www.imageproduct.com\/english\/","logo":{"@type":"ImageObject","inLanguage":"en-GB","@id":"https:\/\/www.imageproduct.com\/english\/#\/schema\/logo\/image\/","url":"https:\/\/www.imageproduct.com\/wp-content\/uploads\/2025\/03\/cropped-ip_logo_274x100-1.png","contentUrl":"https:\/\/www.imageproduct.com\/wp-content\/uploads\/2025\/03\/cropped-ip_logo_274x100-1.png","width":274,"height":100,"caption":"IMAGE PRODUCT"},"image":{"@id":"https:\/\/www.imageproduct.com\/english\/#\/schema\/logo\/image\/"}}]}},"tiered_pricing_type":"fixed","tiered_pricing_fixed_rules":[],"tiered_pricing_product_settings":{"layout":"default","base_unit_name":{"singular":null,"plural":null},"default_variation":null},"tiered_pricing_minimum_quantity":null,"tiered_pricing_roles_data":[],"tiered_pricing_percentage_rules":[],"_links":{"self":[{"href":"https:\/\/www.imageproduct.com\/english\/wp-json\/wp\/v2\/product\/124","targetHints":{"allow":["GET"]}}],"collection":[{"href":"https:\/\/www.imageproduct.com\/english\/wp-json\/wp\/v2\/product"}],"about":[{"href":"https:\/\/www.imageproduct.com\/english\/wp-json\/wp\/v2\/types\/product"}],"version-history":[{"count":0,"href":"https:\/\/www.imageproduct.com\/english\/wp-json\/wp\/v2\/product\/124\/revisions"}],"wp:featuredmedia":[{"embeddable":true,"href":"https:\/\/www.imageproduct.com\/english\/wp-json\/wp\/v2\/media\/3957"}],"wp:attachment":[{"href":"https:\/\/www.imageproduct.com\/english\/wp-json\/wp\/v2\/media?parent=124"}],"wp:term":[{"taxonomy":"product_brand","embeddable":true,"href":"https:\/\/www.imageproduct.com\/english\/wp-json\/wp\/v2\/product_brand?post=124"},{"taxonomy":"product_cat","embeddable":true,"href":"https:\/\/www.imageproduct.com\/english\/wp-json\/wp\/v2\/product_cat?post=124"},{"taxonomy":"product_tag","embeddable":true,"href":"https:\/\/www.imageproduct.com\/english\/wp-json\/wp\/v2\/product_tag?post=124"}],"curies":[{"name":"wp","href":"https:\/\/api.w.org\/{rel}","templated":true}]}}