{"id":103,"date":"2024-12-30T06:36:42","date_gmt":"2024-12-30T05:36:42","guid":{"rendered":"https:\/\/project.yumm.at\/imageproduct\/produkt\/farbtuecher\/"},"modified":"2025-03-03T07:05:53","modified_gmt":"2025-03-03T06:05:53","slug":"farbtuecher","status":"publish","type":"product","link":"https:\/\/www.imageproduct.com\/english\/shop-2\/unkategorisiert\/farbtuecher\/","title":{"rendered":"Color drapes"},"content":{"rendered":"<p><strong>Analysis Drapes<\/strong><\/p>\n<p>10 seasonal indicator drapes and 24 rainbow-colors representing the 4 seasons;<\/p>\n<p><em>A total of 34 nuances; size 50cm x 70cm; bound hem; in 3 stacks double eyed;<\/em><\/p>\n<p><strong>Seasonal indicator drapes classic<\/strong><\/p>\n<p>Color-coordinated to the Color Swatch Wallets and all other drapes the \nset of indicator drapes consists of 10 additional drapes for each color season ( spring, summer, fall, winter).<\/p>\n<p><em>A total of 40 nuances; size 50cm x 70cm; bound hem; available separately;<\/em><\/p>\n<p><strong>Seasonal indicator drapes extra<\/strong><\/p>\n<p>Color-coordinated and an addition to all other drapes, this set consists of \n10 color drapes for each tone (light, dark, cool, warm, clear, muted).<\/p>\n<p><em>A total of 60 new nuances; size 50cm x 70cm; bound hem; available separately;<\/em><\/p>\n<p><strong>\u00a0<\/strong><\/p>\n<p><strong>Finalt\u00fccher Herren- Anzugsstoffe<\/strong><\/p>\n<p>In order to create a professional guidance for gentlemen 18 selected types of shirting are available. Separated in warm, cool and neutral nuances, those drapes are a blessing for \ndemonstration what kind of shirts is appropriate.<\/p>\n<p><em>18 different samples (high-end quality); Size 37cm x25cm; cut and joined to 3 sets. <\/em><\/p>\n<p><strong>\u00a0<\/strong><\/p>\n<p><strong>Seasonal indicator drape single<\/strong><\/p>\n<p>Each drape can be ordered individually in any color.<\/p>\n<p><em>Size 50cm x 70cm; bound hem; available separately;<\/em><\/p>","protected":false},"excerpt":{"rendered":"<p>Analyset\u00fccher Die Analyset\u00fccher beinhalten die 10 klassischen Analysefarben in optimaler Reihenfolge. Weiters je eine typgerechte Farbe pro Jahreszeit in den Farbgruppen wei\u00df, gelb, rot, violett, blau und gr\u00fcn. Insgesamt 34 Nuancen; Gr\u00f6\u00dfe 50 x 70 cm; farblich passend ums\u00e4umt und zu 3 Stapel ge\u00f6st. Klassische Finalt\u00fccher Passend zu den Farbp\u00e4ssen und Analyset\u00fcchern beinhalten die Finalt\u00fccher [&hellip;]<\/p>\n","protected":false},"featured_media":0,"template":"","meta":{"inline_featured_image":false,"site-sidebar-layout":"","site-content-layout":"","ast-site-content-layout":"default","site-content-style":"default","site-sidebar-style":"default","ast-global-header-display":"","ast-banner-title-visibility":"","ast-main-header-display":"","ast-hfb-above-header-display":"","ast-hfb-below-header-display":"","ast-hfb-mobile-header-display":"","site-post-title":"","ast-breadcrumbs-content":"","ast-featured-img":"","footer-sml-layout":"","ast-disable-related-posts":"","theme-transparent-header-meta":"","adv-header-id-meta":"","stick-header-meta":"","header-above-stick-meta":"","header-main-stick-meta":"","header-below-stick-meta":"","astra-migrate-meta-layouts":"default","ast-page-background-enabled":"default","ast-page-background-meta":{"desktop":{"background-color":"","background-image":"","background-repeat":"repeat","background-position":"center center","background-size":"auto","background-attachment":"scroll","background-type":"","background-media":"","overlay-type":"","overlay-color":"","overlay-opacity":"","overlay-gradient":""},"tablet":{"background-color":"","background-image":"","background-repeat":"repeat","background-position":"center center","background-size":"auto","background-attachment":"scroll","background-type":"","background-media":"","overlay-type":"","overlay-color":"","overlay-opacity":"","overlay-gradient":""},"mobile":{"background-color":"","background-image":"","background-repeat":"repeat","background-position":"center center","background-size":"auto","background-attachment":"scroll","background-type":"","background-media":"","overlay-type":"","overlay-color":"","overlay-opacity":"","overlay-gradient":""}},"ast-content-background-meta":{"desktop":{"background-color":"var(--ast-global-color-5)","background-image":"","background-repeat":"repeat","background-position":"center center","background-size":"auto","background-attachment":"scroll","background-type":"","background-media":"","overlay-type":"","overlay-color":"","overlay-opacity":"","overlay-gradient":""},"tablet":{"background-color":"var(--ast-global-color-5)","background-image":"","background-repeat":"repeat","background-position":"center center","background-size":"auto","background-attachment":"scroll","background-type":"","background-media":"","overlay-type":"","overlay-color":"","overlay-opacity":"","overlay-gradient":""},"mobile":{"background-color":"var(--ast-global-color-5)","background-image":"","background-repeat":"repeat","background-position":"center center","background-size":"auto","background-attachment":"scroll","background-type":"","background-media":"","overlay-type":"","overlay-color":"","overlay-opacity":"","overlay-gradient":""}}},"product_brand":[],"product_cat":[15],"product_tag":[],"class_list":{"0":"post-103","1":"product","2":"type-product","3":"status-publish","5":"product_cat-unkategorisiert","6":"desktop-align-left","7":"tablet-align-left","8":"mobile-align-left","9":"ast-product-gallery-layout-horizontal-slider","10":"ast-product-gallery-with-no-image","11":"ast-product-tabs-layout-horizontal","13":"first","14":"instock","15":"taxable","16":"shipping-taxable","17":"product-type-grouped"},"yoast_head":"<!-- This site is optimized with the Yoast SEO plugin v26.9 - https:\/\/yoast.com\/product\/yoast-seo-wordpress\/ -->\n<title>Farbt\u00fccher - IMAGE PRODUCT<\/title>\n<meta name=\"robots\" content=\"index, follow, max-snippet:-1, max-image-preview:large, max-video-preview:-1\" \/>\n<link rel=\"canonical\" href=\"https:\/\/www.imageproduct.com\/english\/shop-2\/unkategorisiert\/farbtuecher\/\" \/>\n<meta property=\"og:locale\" content=\"en_GB\" \/>\n<meta property=\"og:type\" content=\"article\" \/>\n<meta property=\"og:title\" content=\"Farbt\u00fccher - IMAGE PRODUCT\" \/>\n<meta property=\"og:description\" content=\"Analyset\u00fccher Die Analyset\u00fccher beinhalten die 10 klassischen Analysefarben in optimaler Reihenfolge. Weiters je eine typgerechte Farbe pro Jahreszeit in den Farbgruppen wei\u00df, gelb, rot, violett, blau und gr\u00fcn. Insgesamt 34 Nuancen; Gr\u00f6\u00dfe 50 x 70 cm; farblich passend ums\u00e4umt und zu 3 Stapel ge\u00f6st. Klassische Finalt\u00fccher Passend zu den Farbp\u00e4ssen und Analyset\u00fcchern beinhalten die Finalt\u00fccher [&hellip;]\" \/>\n<meta property=\"og:url\" content=\"https:\/\/www.imageproduct.com\/english\/shop-2\/unkategorisiert\/farbtuecher\/\" \/>\n<meta property=\"og:site_name\" content=\"IMAGE PRODUCT\" \/>\n<meta property=\"article:modified_time\" content=\"2025-03-03T06:05:53+00:00\" \/>\n<meta name=\"twitter:card\" content=\"summary_large_image\" \/>\n<meta name=\"twitter:label1\" content=\"Estimated reading time\" \/>\n\t<meta name=\"twitter:data1\" content=\"1 minute\" \/>\n<script type=\"application\/ld+json\" class=\"yoast-schema-graph\">{\"@context\":\"https:\/\/schema.org\",\"@graph\":[{\"@type\":\"WebPage\",\"@id\":\"https:\/\/www.imageproduct.com\/shop-2\/unkategorisiert\/farbtuecher\/\",\"url\":\"https:\/\/www.imageproduct.com\/shop-2\/unkategorisiert\/farbtuecher\/\",\"name\":\"Farbt\u00fccher - IMAGE PRODUCT\",\"isPartOf\":{\"@id\":\"https:\/\/www.imageproduct.com\/english\/#website\"},\"datePublished\":\"2024-12-30T05:36:42+00:00\",\"dateModified\":\"2025-03-03T06:05:53+00:00\",\"breadcrumb\":{\"@id\":\"https:\/\/www.imageproduct.com\/shop-2\/unkategorisiert\/farbtuecher\/#breadcrumb\"},\"inLanguage\":\"en-GB\",\"potentialAction\":[{\"@type\":\"ReadAction\",\"target\":[\"https:\/\/www.imageproduct.com\/shop-2\/unkategorisiert\/farbtuecher\/\"]}]},{\"@type\":\"BreadcrumbList\",\"@id\":\"https:\/\/www.imageproduct.com\/shop-2\/unkategorisiert\/farbtuecher\/#breadcrumb\",\"itemListElement\":[{\"@type\":\"ListItem\",\"position\":1,\"name\":\"Startseite\",\"item\":\"https:\/\/www.imageproduct.com\/\"},{\"@type\":\"ListItem\",\"position\":2,\"name\":\"Shop\",\"item\":\"https:\/\/www.imageproduct.com\/shop-2\/\"},{\"@type\":\"ListItem\",\"position\":3,\"name\":\"Farbt\u00fccher\"}]},{\"@type\":\"WebSite\",\"@id\":\"https:\/\/www.imageproduct.com\/english\/#website\",\"url\":\"https:\/\/www.imageproduct.com\/english\/\",\"name\":\"IMAGE PRODUCT\",\"description\":\"PROFESSIONELLE ARBEITS- UND VERKAUFSMATERIALIEN F\u00dcR FARB-, STIL- UND IMAGE BERATER\/INNEN\",\"publisher\":{\"@id\":\"https:\/\/www.imageproduct.com\/english\/#organization\"},\"potentialAction\":[{\"@type\":\"SearchAction\",\"target\":{\"@type\":\"EntryPoint\",\"urlTemplate\":\"https:\/\/www.imageproduct.com\/english\/?s={search_term_string}\"},\"query-input\":{\"@type\":\"PropertyValueSpecification\",\"valueRequired\":true,\"valueName\":\"search_term_string\"}}],\"inLanguage\":\"en-GB\"},{\"@type\":\"Organization\",\"@id\":\"https:\/\/www.imageproduct.com\/english\/#organization\",\"name\":\"IMAGE PRODUCT\",\"url\":\"https:\/\/www.imageproduct.com\/english\/\",\"logo\":{\"@type\":\"ImageObject\",\"inLanguage\":\"en-GB\",\"@id\":\"https:\/\/www.imageproduct.com\/english\/#\/schema\/logo\/image\/\",\"url\":\"https:\/\/www.imageproduct.com\/wp-content\/uploads\/2025\/03\/cropped-ip_logo_274x100-1.png\",\"contentUrl\":\"https:\/\/www.imageproduct.com\/wp-content\/uploads\/2025\/03\/cropped-ip_logo_274x100-1.png\",\"width\":274,\"height\":100,\"caption\":\"IMAGE PRODUCT\"},\"image\":{\"@id\":\"https:\/\/www.imageproduct.com\/english\/#\/schema\/logo\/image\/\"}}]}<\/script>\n<!-- \/ Yoast SEO plugin. -->","yoast_head_json":{"title":"Farbt\u00fccher - IMAGE PRODUCT","robots":{"index":"index","follow":"follow","max-snippet":"max-snippet:-1","max-image-preview":"max-image-preview:large","max-video-preview":"max-video-preview:-1"},"canonical":"https:\/\/www.imageproduct.com\/english\/shop-2\/unkategorisiert\/farbtuecher\/","og_locale":"en_GB","og_type":"article","og_title":"Farbt\u00fccher - IMAGE PRODUCT","og_description":"Analyset\u00fccher Die Analyset\u00fccher beinhalten die 10 klassischen Analysefarben in optimaler Reihenfolge. Weiters je eine typgerechte Farbe pro Jahreszeit in den Farbgruppen wei\u00df, gelb, rot, violett, blau und gr\u00fcn. Insgesamt 34 Nuancen; Gr\u00f6\u00dfe 50 x 70 cm; farblich passend ums\u00e4umt und zu 3 Stapel ge\u00f6st. Klassische Finalt\u00fccher Passend zu den Farbp\u00e4ssen und Analyset\u00fcchern beinhalten die Finalt\u00fccher [&hellip;]","og_url":"https:\/\/www.imageproduct.com\/english\/shop-2\/unkategorisiert\/farbtuecher\/","og_site_name":"IMAGE PRODUCT","article_modified_time":"2025-03-03T06:05:53+00:00","twitter_card":"summary_large_image","twitter_misc":{"Estimated reading time":"1 minute"},"schema":{"@context":"https:\/\/schema.org","@graph":[{"@type":"WebPage","@id":"https:\/\/www.imageproduct.com\/shop-2\/unkategorisiert\/farbtuecher\/","url":"https:\/\/www.imageproduct.com\/shop-2\/unkategorisiert\/farbtuecher\/","name":"Farbt\u00fccher - IMAGE PRODUCT","isPartOf":{"@id":"https:\/\/www.imageproduct.com\/english\/#website"},"datePublished":"2024-12-30T05:36:42+00:00","dateModified":"2025-03-03T06:05:53+00:00","breadcrumb":{"@id":"https:\/\/www.imageproduct.com\/shop-2\/unkategorisiert\/farbtuecher\/#breadcrumb"},"inLanguage":"en-GB","potentialAction":[{"@type":"ReadAction","target":["https:\/\/www.imageproduct.com\/shop-2\/unkategorisiert\/farbtuecher\/"]}]},{"@type":"BreadcrumbList","@id":"https:\/\/www.imageproduct.com\/shop-2\/unkategorisiert\/farbtuecher\/#breadcrumb","itemListElement":[{"@type":"ListItem","position":1,"name":"Startseite","item":"https:\/\/www.imageproduct.com\/"},{"@type":"ListItem","position":2,"name":"Shop","item":"https:\/\/www.imageproduct.com\/shop-2\/"},{"@type":"ListItem","position":3,"name":"Farbt\u00fccher"}]},{"@type":"WebSite","@id":"https:\/\/www.imageproduct.com\/english\/#website","url":"https:\/\/www.imageproduct.com\/english\/","name":"IMAGE PRODUCT","description":"PROFESSIONELLE ARBEITS- UND VERKAUFSMATERIALIEN F\u00dcR FARB-, STIL- UND IMAGE BERATER\/INNEN","publisher":{"@id":"https:\/\/www.imageproduct.com\/english\/#organization"},"potentialAction":[{"@type":"SearchAction","target":{"@type":"EntryPoint","urlTemplate":"https:\/\/www.imageproduct.com\/english\/?s={search_term_string}"},"query-input":{"@type":"PropertyValueSpecification","valueRequired":true,"valueName":"search_term_string"}}],"inLanguage":"en-GB"},{"@type":"Organization","@id":"https:\/\/www.imageproduct.com\/english\/#organization","name":"IMAGE PRODUCT","url":"https:\/\/www.imageproduct.com\/english\/","logo":{"@type":"ImageObject","inLanguage":"en-GB","@id":"https:\/\/www.imageproduct.com\/english\/#\/schema\/logo\/image\/","url":"https:\/\/www.imageproduct.com\/wp-content\/uploads\/2025\/03\/cropped-ip_logo_274x100-1.png","contentUrl":"https:\/\/www.imageproduct.com\/wp-content\/uploads\/2025\/03\/cropped-ip_logo_274x100-1.png","width":274,"height":100,"caption":"IMAGE PRODUCT"},"image":{"@id":"https:\/\/www.imageproduct.com\/english\/#\/schema\/logo\/image\/"}}]}},"tiered_pricing_type":"fixed","tiered_pricing_fixed_rules":[],"tiered_pricing_product_settings":{"layout":"default","base_unit_name":{"singular":null,"plural":null},"default_variation":null},"tiered_pricing_minimum_quantity":null,"tiered_pricing_roles_data":[],"tiered_pricing_percentage_rules":[],"_links":{"self":[{"href":"https:\/\/www.imageproduct.com\/english\/wp-json\/wp\/v2\/product\/103","targetHints":{"allow":["GET"]}}],"collection":[{"href":"https:\/\/www.imageproduct.com\/english\/wp-json\/wp\/v2\/product"}],"about":[{"href":"https:\/\/www.imageproduct.com\/english\/wp-json\/wp\/v2\/types\/product"}],"version-history":[{"count":0,"href":"https:\/\/www.imageproduct.com\/english\/wp-json\/wp\/v2\/product\/103\/revisions"}],"wp:attachment":[{"href":"https:\/\/www.imageproduct.com\/english\/wp-json\/wp\/v2\/media?parent=103"}],"wp:term":[{"taxonomy":"product_brand","embeddable":true,"href":"https:\/\/www.imageproduct.com\/english\/wp-json\/wp\/v2\/product_brand?post=103"},{"taxonomy":"product_cat","embeddable":true,"href":"https:\/\/www.imageproduct.com\/english\/wp-json\/wp\/v2\/product_cat?post=103"},{"taxonomy":"product_tag","embeddable":true,"href":"https:\/\/www.imageproduct.com\/english\/wp-json\/wp\/v2\/product_tag?post=103"}],"curies":[{"name":"wp","href":"https:\/\/api.w.org\/{rel}","templated":true}]}}