{"id":757,"date":"2020-10-31T11:16:01","date_gmt":"2020-10-31T10:16:01","guid":{"rendered":"https:\/\/project.yumm.at\/imageproduct\/?page_id=757"},"modified":"2025-03-05T06:28:54","modified_gmt":"2025-03-05T05:28:54","slug":"agb-versandinformationen","status":"publish","type":"page","link":"https:\/\/www.imageproduct.com\/english\/agb-versandinformationen\/","title":{"rendered":"Kauf &#038; Lieferbedingungen"},"content":{"rendered":"<div data-elementor-type=\"wp-page\" data-elementor-id=\"757\" class=\"elementor elementor-757\">\n\t\t\t\t\t\t<section class=\"elementor-section elementor-top-section elementor-element elementor-element-7aaea48 elementor-section-boxed elementor-section-height-default elementor-section-height-default\" data-id=\"7aaea48\" data-element_type=\"section\" data-e-type=\"section\">\n\t\t\t\t\t\t<div class=\"elementor-container elementor-column-gap-default\">\n\t\t\t\t\t<div class=\"elementor-column elementor-col-100 elementor-top-column elementor-element elementor-element-2d4ce94\" data-id=\"2d4ce94\" data-element_type=\"column\" data-e-type=\"column\">\n\t\t\t<div class=\"elementor-widget-wrap elementor-element-populated\">\n\t\t\t\t\t\t<div class=\"elementor-element elementor-element-6cbc41f elementor-widget elementor-widget-text-editor\" data-id=\"6cbc41f\" data-element_type=\"widget\" data-e-type=\"widget\" data-widget_type=\"text-editor.default\">\n\t\t\t\t\t\t\t\t\t<h3>Shipping and Payment<\/h3><p>Prices in euros plus 20% Austrian sales tax and shipping costs<\/p><p>For customers from the EU who provide a valid VAT number, we do not charge sales tax (intra-Community supply).<\/p>\t\t\t\t\t\t\t\t<\/div>\n\t\t\t\t<div class=\"elementor-element elementor-element-9c89819 elementor-widget elementor-widget-text-editor\" data-id=\"9c89819\" data-element_type=\"widget\" data-e-type=\"widget\" data-widget_type=\"text-editor.default\">\n\t\t\t\t\t\t\t\t\t<h3>Shipping cost<\/h3><p>Shipping Costs from Austria<\/p>\t\t\t\t\t\t\t\t<\/div>\n\t\t\t\t<div class=\"elementor-element elementor-element-5f56b28 elementor-widget elementor-widget-shortcode\" data-id=\"5f56b28\" data-element_type=\"widget\" data-e-type=\"widget\" data-widget_type=\"shortcode.default\">\n\t\t\t\t\t\t\t<div class=\"elementor-shortcode\">\n<table id=\"tablepress-1\" class=\"tablepress tablepress-id-1\">\n<thead>\n<tr class=\"row-1\">\n\t<th class=\"column-1\">To Austria<\/th><th class=\"column-2\">To another EU-country<\/th><th class=\"column-3\">Not EU-country<\/th>\n<\/tr>\n<\/thead>\n<tbody class=\"row-striping row-hover\">\n<tr class=\"row-2\">\n\t<td class=\"column-1\">< 2kg \/ EUR 4,00<\/td><td class=\"column-2\">< 2kg \/ EUR 8,20<\/td><td class=\"column-3\">On request<\/td>\n<\/tr>\n<tr class=\"row-3\">\n\t<td class=\"column-1\">< 4kg \/ EUR 7,00<\/td><td class=\"column-2\">< 4kg \/ EUR 17,00<\/td><td class=\"column-3\">On request<\/td>\n<\/tr>\n<tr class=\"row-4\">\n\t<td class=\"column-1\">Ab 4kg \/ EUR 10,50<\/td><td class=\"column-2\">Ab 4kg \/ EUR 20,00<\/td><td class=\"column-3\">On request<\/td>\n<\/tr>\n<\/tbody>\n<\/table>\n<!-- #tablepress-1 from cache --><\/div>\n\t\t\t\t\t\t<\/div>\n\t\t\t\t<div class=\"elementor-element elementor-element-c5195ae elementor-widget elementor-widget-text-editor\" data-id=\"c5195ae\" data-element_type=\"widget\" data-e-type=\"widget\" data-widget_type=\"text-editor.default\">\n\t\t\t\t\t\t\t\t\t<p>The shipping costs are automatically added at the end of the ordering process.<\/p>\t\t\t\t\t\t\t\t<\/div>\n\t\t\t\t\t<\/div>\n\t\t<\/div>\n\t\t\t\t\t<\/div>\n\t\t<\/section>\n\t\t\t\t<section class=\"elementor-section elementor-top-section elementor-element elementor-element-a4c35be elementor-section-boxed elementor-section-height-default elementor-section-height-default\" data-id=\"a4c35be\" data-element_type=\"section\" data-e-type=\"section\">\n\t\t\t\t\t\t<div class=\"elementor-container elementor-column-gap-default\">\n\t\t\t\t\t<div class=\"elementor-column elementor-col-100 elementor-top-column elementor-element elementor-element-6269b38\" data-id=\"6269b38\" data-element_type=\"column\" data-e-type=\"column\">\n\t\t\t<div class=\"elementor-widget-wrap elementor-element-populated\">\n\t\t\t\t\t\t<div class=\"elementor-element elementor-element-8e9d33c elementor-widget elementor-widget-text-editor\" data-id=\"8e9d33c\" data-element_type=\"widget\" data-e-type=\"widget\" data-widget_type=\"text-editor.default\">\n\t\t\t\t\t\t\t\t\t<h3>Payment options<\/h3><p class=\"translation-block\">A customer service representative will confirm the final total before charging the orderer\u2019s credit card\/ Pay Pal. If the orderer prefers to pay by cheque or money order, the orderer\u2019s order will be shipped upon receipt of payment.<\/p><p>If you wish to pay via PayPal, we ask you to let us know.<\/p><p>The recipient will only become owner of the products once the products will have been totally paid by the orderer.<\/p><p>Errors and clerical errors reserved.<\/p><p>Stand: November 2020<\/p><h3><strong>Owner <\/strong><\/h3><p><strong>Image Institut<\/strong><br \/><strong>Eva K\u00f6ck-Eripek<\/strong><br \/>Konstantin Walz-Gasse 57<br \/>A-3002 Purkersdorf<br \/>Austria<br \/><a>office@imageinstitut.com<\/a><br \/>Tel: +43 (0) 650 50 660 50<\/p><p>UID: ATU56352039<\/p><p>Bank: Bank Austria UniCreditGroup<br \/>BIC: BKAUATWW<br \/>IBAN: AT32 1200 0514 9764 2201<\/p>\t\t\t\t\t\t\t\t<\/div>\n\t\t\t\t\t<\/div>\n\t\t<\/div>\n\t\t\t\t\t<\/div>\n\t\t<\/section>\n\t\t\t\t<\/div>","protected":false},"excerpt":{"rendered":"<p>Versand &amp; Zahlung Preisangaben in Euro zuzgl. 20% \u00f6sterreichischer Umsatzsteuer und Versandkostenanteil F\u00fcr Kunden aus der EU unter Angabe einer g\u00fcltigen UID-Nummer verrechnen wir keine Umsatzsteuer (Innergemeinschaftliche Lieferung). Versandkosten: Der Versand erfolgt f\u00fcr Kunden der deutschen Webseite aus \u00d6sterreich Die jeweiligen Versandkosten werden am Ende des Bestellvorganges automatisch eingef\u00fcgt. Zahlungsm\u00f6glichkeiten Zur Bezahlung k\u00f6nnen Sie zwischen [&hellip;]<\/p>\n","protected":false},"author":2,"featured_media":0,"parent":0,"menu_order":0,"comment_status":"closed","ping_status":"closed","template":"","meta":{"inline_featured_image":false,"site-sidebar-layout":"no-sidebar","site-content-layout":"boxed-container","ast-site-content-layout":"normal-width-container","site-content-style":"boxed","site-sidebar-style":"boxed","ast-global-header-display":"","ast-banner-title-visibility":"","ast-main-header-display":"","ast-hfb-above-header-display":"","ast-hfb-below-header-display":"","ast-hfb-mobile-header-display":"","site-post-title":"disabled","ast-breadcrumbs-content":"","ast-featured-img":"disabled","footer-sml-layout":"","ast-disable-related-posts":"","theme-transparent-header-meta":"default","adv-header-id-meta":"","stick-header-meta":"","header-above-stick-meta":"","header-main-stick-meta":"","header-below-stick-meta":"","astra-migrate-meta-layouts":"set","ast-page-background-enabled":"default","ast-page-background-meta":{"desktop":{"background-color":"","background-image":"","background-repeat":"repeat","background-position":"center center","background-size":"auto","background-attachment":"scroll","background-type":"","background-media":"","overlay-type":"","overlay-color":"","overlay-opacity":"","overlay-gradient":""},"tablet":{"background-color":"","background-image":"","background-repeat":"repeat","background-position":"center center","background-size":"auto","background-attachment":"scroll","background-type":"","background-media":"","overlay-type":"","overlay-color":"","overlay-opacity":"","overlay-gradient":""},"mobile":{"background-color":"","background-image":"","background-repeat":"repeat","background-position":"center center","background-size":"auto","background-attachment":"scroll","background-type":"","background-media":"","overlay-type":"","overlay-color":"","overlay-opacity":"","overlay-gradient":""}},"ast-content-background-meta":{"desktop":{"background-color":"var(--ast-global-color-5)","background-image":"","background-repeat":"repeat","background-position":"center center","background-size":"auto","background-attachment":"scroll","background-type":"","background-media":"","overlay-type":"","overlay-color":"","overlay-opacity":"","overlay-gradient":""},"tablet":{"background-color":"var(--ast-global-color-5)","background-image":"","background-repeat":"repeat","background-position":"center center","background-size":"auto","background-attachment":"scroll","background-type":"","background-media":"","overlay-type":"","overlay-color":"","overlay-opacity":"","overlay-gradient":""},"mobile":{"background-color":"var(--ast-global-color-5)","background-image":"","background-repeat":"repeat","background-position":"center center","background-size":"auto","background-attachment":"scroll","background-type":"","background-media":"","overlay-type":"","overlay-color":"","overlay-opacity":"","overlay-gradient":""}},"footnotes":""},"class_list":["post-757","page","type-page","status-publish","hentry"],"yoast_head":"<!-- This site is optimized with the Yoast SEO plugin v27.4 - https:\/\/yoast.com\/product\/yoast-seo-wordpress\/ -->\n<title>Kauf &amp; Lieferbedingungen - IMAGE PRODUCT<\/title>\n<meta name=\"robots\" content=\"index, follow, max-snippet:-1, max-image-preview:large, max-video-preview:-1\" \/>\n<link rel=\"canonical\" href=\"https:\/\/www.imageproduct.com\/english\/agb-versandinformationen\/\" \/>\n<meta property=\"og:locale\" content=\"en_GB\" \/>\n<meta property=\"og:type\" content=\"article\" \/>\n<meta property=\"og:title\" content=\"Kauf &amp; Lieferbedingungen - IMAGE PRODUCT\" \/>\n<meta property=\"og:description\" content=\"Versand &amp; Zahlung Preisangaben in Euro zuzgl. 20% \u00f6sterreichischer Umsatzsteuer und Versandkostenanteil F\u00fcr Kunden aus der EU unter Angabe einer g\u00fcltigen UID-Nummer verrechnen wir keine Umsatzsteuer (Innergemeinschaftliche Lieferung). Versandkosten: Der Versand erfolgt f\u00fcr Kunden der deutschen Webseite aus \u00d6sterreich Die jeweiligen Versandkosten werden am Ende des Bestellvorganges automatisch eingef\u00fcgt. Zahlungsm\u00f6glichkeiten Zur Bezahlung k\u00f6nnen Sie zwischen [&hellip;]\" \/>\n<meta property=\"og:url\" content=\"https:\/\/www.imageproduct.com\/english\/agb-versandinformationen\/\" \/>\n<meta property=\"og:site_name\" content=\"IMAGE PRODUCT\" \/>\n<meta property=\"article:modified_time\" content=\"2025-03-05T05:28:54+00:00\" \/>\n<meta name=\"twitter:card\" content=\"summary_large_image\" \/>\n<meta name=\"twitter:label1\" content=\"Estimated reading time\" \/>\n\t<meta name=\"twitter:data1\" content=\"1 minute\" \/>\n<script type=\"application\/ld+json\" class=\"yoast-schema-graph\">{\"@context\":\"https:\\\/\\\/schema.org\",\"@graph\":[{\"@type\":\"WebPage\",\"@id\":\"https:\\\/\\\/www.imageproduct.com\\\/agb-versandinformationen\\\/\",\"url\":\"https:\\\/\\\/www.imageproduct.com\\\/agb-versandinformationen\\\/\",\"name\":\"Kauf & Lieferbedingungen - IMAGE PRODUCT\",\"isPartOf\":{\"@id\":\"https:\\\/\\\/www.imageproduct.com\\\/english\\\/#website\"},\"datePublished\":\"2020-10-31T10:16:01+00:00\",\"dateModified\":\"2025-03-05T05:28:54+00:00\",\"breadcrumb\":{\"@id\":\"https:\\\/\\\/www.imageproduct.com\\\/agb-versandinformationen\\\/#breadcrumb\"},\"inLanguage\":\"en-GB\",\"potentialAction\":[{\"@type\":\"ReadAction\",\"target\":[\"https:\\\/\\\/www.imageproduct.com\\\/agb-versandinformationen\\\/\"]}]},{\"@type\":\"BreadcrumbList\",\"@id\":\"https:\\\/\\\/www.imageproduct.com\\\/agb-versandinformationen\\\/#breadcrumb\",\"itemListElement\":[{\"@type\":\"ListItem\",\"position\":1,\"name\":\"Startseite\",\"item\":\"https:\\\/\\\/www.imageproduct.com\\\/\"},{\"@type\":\"ListItem\",\"position\":2,\"name\":\"Kauf &#038; Lieferbedingungen\"}]},{\"@type\":\"WebSite\",\"@id\":\"https:\\\/\\\/www.imageproduct.com\\\/english\\\/#website\",\"url\":\"https:\\\/\\\/www.imageproduct.com\\\/english\\\/\",\"name\":\"IMAGE PRODUCT\",\"description\":\"PROFESSIONELLE ARBEITS- UND VERKAUFSMATERIALIEN F\u00dcR FARB-, STIL- UND IMAGE BERATER\\\/INNEN\",\"publisher\":{\"@id\":\"https:\\\/\\\/www.imageproduct.com\\\/english\\\/#organization\"},\"potentialAction\":[{\"@type\":\"SearchAction\",\"target\":{\"@type\":\"EntryPoint\",\"urlTemplate\":\"https:\\\/\\\/www.imageproduct.com\\\/english\\\/?s={search_term_string}\"},\"query-input\":{\"@type\":\"PropertyValueSpecification\",\"valueRequired\":true,\"valueName\":\"search_term_string\"}}],\"inLanguage\":\"en-GB\"},{\"@type\":\"Organization\",\"@id\":\"https:\\\/\\\/www.imageproduct.com\\\/english\\\/#organization\",\"name\":\"IMAGE PRODUCT\",\"url\":\"https:\\\/\\\/www.imageproduct.com\\\/english\\\/\",\"logo\":{\"@type\":\"ImageObject\",\"inLanguage\":\"en-GB\",\"@id\":\"https:\\\/\\\/www.imageproduct.com\\\/english\\\/#\\\/schema\\\/logo\\\/image\\\/\",\"url\":\"https:\\\/\\\/www.imageproduct.com\\\/wp-content\\\/uploads\\\/2025\\\/03\\\/cropped-ip_logo_274x100-1.png\",\"contentUrl\":\"https:\\\/\\\/www.imageproduct.com\\\/wp-content\\\/uploads\\\/2025\\\/03\\\/cropped-ip_logo_274x100-1.png\",\"width\":274,\"height\":100,\"caption\":\"IMAGE PRODUCT\"},\"image\":{\"@id\":\"https:\\\/\\\/www.imageproduct.com\\\/english\\\/#\\\/schema\\\/logo\\\/image\\\/\"}}]}<\/script>\n<!-- \/ Yoast SEO plugin. -->","yoast_head_json":{"title":"Kauf & Lieferbedingungen - IMAGE PRODUCT","robots":{"index":"index","follow":"follow","max-snippet":"max-snippet:-1","max-image-preview":"max-image-preview:large","max-video-preview":"max-video-preview:-1"},"canonical":"https:\/\/www.imageproduct.com\/english\/agb-versandinformationen\/","og_locale":"en_GB","og_type":"article","og_title":"Kauf & Lieferbedingungen - IMAGE PRODUCT","og_description":"Versand &amp; Zahlung Preisangaben in Euro zuzgl. 20% \u00f6sterreichischer Umsatzsteuer und Versandkostenanteil F\u00fcr Kunden aus der EU unter Angabe einer g\u00fcltigen UID-Nummer verrechnen wir keine Umsatzsteuer (Innergemeinschaftliche Lieferung). Versandkosten: Der Versand erfolgt f\u00fcr Kunden der deutschen Webseite aus \u00d6sterreich Die jeweiligen Versandkosten werden am Ende des Bestellvorganges automatisch eingef\u00fcgt. Zahlungsm\u00f6glichkeiten Zur Bezahlung k\u00f6nnen Sie zwischen [&hellip;]","og_url":"https:\/\/www.imageproduct.com\/english\/agb-versandinformationen\/","og_site_name":"IMAGE PRODUCT","article_modified_time":"2025-03-05T05:28:54+00:00","twitter_card":"summary_large_image","twitter_misc":{"Estimated reading time":"1 minute"},"schema":{"@context":"https:\/\/schema.org","@graph":[{"@type":"WebPage","@id":"https:\/\/www.imageproduct.com\/agb-versandinformationen\/","url":"https:\/\/www.imageproduct.com\/agb-versandinformationen\/","name":"Kauf & Lieferbedingungen - IMAGE PRODUCT","isPartOf":{"@id":"https:\/\/www.imageproduct.com\/english\/#website"},"datePublished":"2020-10-31T10:16:01+00:00","dateModified":"2025-03-05T05:28:54+00:00","breadcrumb":{"@id":"https:\/\/www.imageproduct.com\/agb-versandinformationen\/#breadcrumb"},"inLanguage":"en-GB","potentialAction":[{"@type":"ReadAction","target":["https:\/\/www.imageproduct.com\/agb-versandinformationen\/"]}]},{"@type":"BreadcrumbList","@id":"https:\/\/www.imageproduct.com\/agb-versandinformationen\/#breadcrumb","itemListElement":[{"@type":"ListItem","position":1,"name":"Startseite","item":"https:\/\/www.imageproduct.com\/"},{"@type":"ListItem","position":2,"name":"Kauf &#038; Lieferbedingungen"}]},{"@type":"WebSite","@id":"https:\/\/www.imageproduct.com\/english\/#website","url":"https:\/\/www.imageproduct.com\/english\/","name":"IMAGE PRODUCT","description":"PROFESSIONELLE ARBEITS- UND VERKAUFSMATERIALIEN F\u00dcR FARB-, STIL- UND IMAGE BERATER\/INNEN","publisher":{"@id":"https:\/\/www.imageproduct.com\/english\/#organization"},"potentialAction":[{"@type":"SearchAction","target":{"@type":"EntryPoint","urlTemplate":"https:\/\/www.imageproduct.com\/english\/?s={search_term_string}"},"query-input":{"@type":"PropertyValueSpecification","valueRequired":true,"valueName":"search_term_string"}}],"inLanguage":"en-GB"},{"@type":"Organization","@id":"https:\/\/www.imageproduct.com\/english\/#organization","name":"IMAGE PRODUCT","url":"https:\/\/www.imageproduct.com\/english\/","logo":{"@type":"ImageObject","inLanguage":"en-GB","@id":"https:\/\/www.imageproduct.com\/english\/#\/schema\/logo\/image\/","url":"https:\/\/www.imageproduct.com\/wp-content\/uploads\/2025\/03\/cropped-ip_logo_274x100-1.png","contentUrl":"https:\/\/www.imageproduct.com\/wp-content\/uploads\/2025\/03\/cropped-ip_logo_274x100-1.png","width":274,"height":100,"caption":"IMAGE PRODUCT"},"image":{"@id":"https:\/\/www.imageproduct.com\/english\/#\/schema\/logo\/image\/"}}]}},"_links":{"self":[{"href":"https:\/\/www.imageproduct.com\/english\/wp-json\/wp\/v2\/pages\/757","targetHints":{"allow":["GET"]}}],"collection":[{"href":"https:\/\/www.imageproduct.com\/english\/wp-json\/wp\/v2\/pages"}],"about":[{"href":"https:\/\/www.imageproduct.com\/english\/wp-json\/wp\/v2\/types\/page"}],"author":[{"embeddable":true,"href":"https:\/\/www.imageproduct.com\/english\/wp-json\/wp\/v2\/users\/2"}],"replies":[{"embeddable":true,"href":"https:\/\/www.imageproduct.com\/english\/wp-json\/wp\/v2\/comments?post=757"}],"version-history":[{"count":0,"href":"https:\/\/www.imageproduct.com\/english\/wp-json\/wp\/v2\/pages\/757\/revisions"}],"wp:attachment":[{"href":"https:\/\/www.imageproduct.com\/english\/wp-json\/wp\/v2\/media?parent=757"}],"curies":[{"name":"wp","href":"https:\/\/api.w.org\/{rel}","templated":true}]}}