{"id":3998,"date":"2025-03-05T06:17:04","date_gmt":"2025-03-05T05:17:04","guid":{"rendered":"https:\/\/www.imageproduct.com\/?page_id=3998"},"modified":"2025-03-05T06:28:16","modified_gmt":"2025-03-05T05:28:16","slug":"agbs","status":"publish","type":"page","link":"https:\/\/www.imageproduct.com\/english\/agbs\/","title":{"rendered":"AGB&#8217;S"},"content":{"rendered":"<div data-elementor-type=\"wp-page\" data-elementor-id=\"3998\" class=\"elementor elementor-3998\">\n\t\t\t\t\t\t<section class=\"elementor-section elementor-top-section elementor-element elementor-element-640384f elementor-section-boxed elementor-section-height-default elementor-section-height-default\" data-id=\"640384f\" data-element_type=\"section\" data-e-type=\"section\">\n\t\t\t\t\t\t<div class=\"elementor-container elementor-column-gap-default\">\n\t\t\t\t\t<div class=\"elementor-column elementor-col-100 elementor-top-column elementor-element elementor-element-6d4fbd7\" data-id=\"6d4fbd7\" data-element_type=\"column\" data-e-type=\"column\">\n\t\t\t<div class=\"elementor-widget-wrap elementor-element-populated\">\n\t\t\t\t\t\t<div class=\"elementor-element elementor-element-c83dbd2 elementor-widget elementor-widget-spacer\" data-id=\"c83dbd2\" data-element_type=\"widget\" data-e-type=\"widget\" data-widget_type=\"spacer.default\">\n\t\t\t\t\t\t\t<div class=\"elementor-spacer\">\n\t\t\t<div class=\"elementor-spacer-inner\"><\/div>\n\t\t<\/div>\n\t\t\t\t\t\t<\/div>\n\t\t\t\t<div class=\"elementor-element elementor-element-6e7df8e elementor-widget elementor-widget-heading\" data-id=\"6e7df8e\" data-element_type=\"widget\" data-e-type=\"widget\" data-widget_type=\"heading.default\">\n\t\t\t\t\t<h2 class=\"elementor-heading-title elementor-size-default\">TERMS AND CONDITIONS<\/h2>\t\t\t\t<\/div>\n\t\t\t\t\t<\/div>\n\t\t<\/div>\n\t\t\t\t\t<\/div>\n\t\t<\/section>\n\t\t\t\t<section class=\"elementor-section elementor-top-section elementor-element elementor-element-4064041 elementor-section-boxed elementor-section-height-default elementor-section-height-default\" data-id=\"4064041\" data-element_type=\"section\" data-e-type=\"section\">\n\t\t\t\t\t\t<div class=\"elementor-container elementor-column-gap-default\">\n\t\t\t\t\t<div class=\"elementor-column elementor-col-100 elementor-top-column elementor-element elementor-element-ae71fda\" data-id=\"ae71fda\" data-element_type=\"column\" data-e-type=\"column\">\n\t\t\t<div class=\"elementor-widget-wrap elementor-element-populated\">\n\t\t\t\t\t\t<div class=\"elementor-element elementor-element-f78e3ff elementor-widget elementor-widget-text-editor\" data-id=\"f78e3ff\" data-element_type=\"widget\" data-e-type=\"widget\" data-widget_type=\"text-editor.default\">\n\t\t\t\t\t\t\t\t\t<p>Our terms and conditions apply equally to all written, telephone, oral and online orders and are recognized with every order.<\/p><ol><li><strong>Payment<\/strong><\/li><\/ol><p>The recipient will only become owner of the products once the products will have been totally paid by the orderer.<\/p><p>ImageProduct accepts payments by bank transfer.<\/p><ol start=\"2\"><li><strong>Retention of title<\/strong><\/li><\/ol><p>All delivered goods remain the property of ImageProduct (owner Eva K\u00f6ck-Eripek) until full payment has been made.<\/p><ol start=\"3\"><li><strong>Guarantee<\/strong><\/li><\/ol><p>The legal warranty applies.<\/p><p>ImageProduct points out that the products sold on this website are only intended for sale to trained color, style and image consultants as part of their business activities. Selling to consumers is only permitted in exceptional cases and after consultation with ImageProduct.<\/p><p>The provisions of the UGB therefore also apply.<\/p><ol start=\"4\"><li><strong>Registration<\/strong><\/li><\/ol><p>The products in this web shop can only be obtained by trained consultants in the color \/ style \/ image industry or related professions. ImageProduct reserves the right to ask for your training certificates.<\/p><p>ImageProduct automatically deletes users who cannot provide proof of training.<\/p><p>Errors and clerical errors reserved.<\/p><p>Stand: Oktober 2020<\/p><p><strong>Owner <\/strong><\/p><p><strong>Image Institut<\/strong><br \/><strong>Eva K\u00f6ck-Eripek<\/strong><br \/>Konstantin Walz-Gasse 57<br \/>A-3002 Purkersdorf<br \/>Austria<br \/><a href=\"mailto:office@imageinstitut.com\">office@imageinstitut.com<\/a><br \/>Tel: +43 (0) 650 50 660 50<\/p><p>UID: ATU56352039<\/p><div><span lang=\"EN-US\">Bank: Bank Austria UniCreditGroup<br \/>BIC: BKAUATWW<br \/>IBAN: AT32 1200 0514 9764 2201<\/span><\/div>\t\t\t\t\t\t\t\t<\/div>\n\t\t\t\t\t<\/div>\n\t\t<\/div>\n\t\t\t\t\t<\/div>\n\t\t<\/section>\n\t\t\t\t<\/div>","protected":false},"excerpt":{"rendered":"<p>AGB&#8217;S Unsere AGB gelten f\u00fcr alle schriftlichen, telefonischen, m\u00fcndlichen und Online-Bestellungen in gleichem Ma\u00dfe und werden mit jeder Bestellung anerkannt. Zahlung Die Ware ist unverz\u00fcglich nach Erhalt zu bezahlen. ImageProduct beh\u00e4lt sich vor, bei Erstbestellungen und in besonderen F\u00e4llen die Ware erst nach Bezahlung zu versenden. ImageProduct akzeptiert Zahlungen per Bank\u00fcberweisung. Eigentumsvorbehalt Alle gelieferten Waren [&hellip;]<\/p>\n","protected":false},"author":2,"featured_media":0,"parent":0,"menu_order":0,"comment_status":"closed","ping_status":"closed","template":"","meta":{"inline_featured_image":false,"site-sidebar-layout":"no-sidebar","site-content-layout":"page-builder","ast-site-content-layout":"normal-width-container","site-content-style":"default","site-sidebar-style":"default","ast-global-header-display":"","ast-banner-title-visibility":"","ast-main-header-display":"","ast-hfb-above-header-display":"","ast-hfb-below-header-display":"","ast-hfb-mobile-header-display":"","site-post-title":"disabled","ast-breadcrumbs-content":"","ast-featured-img":"disabled","footer-sml-layout":"","ast-disable-related-posts":"","theme-transparent-header-meta":"","adv-header-id-meta":"","stick-header-meta":"","header-above-stick-meta":"","header-main-stick-meta":"","header-below-stick-meta":"","astra-migrate-meta-layouts":"set","ast-page-background-enabled":"default","ast-page-background-meta":{"desktop":{"background-color":"","background-image":"","background-repeat":"repeat","background-position":"center center","background-size":"auto","background-attachment":"scroll","background-type":"","background-media":"","overlay-type":"","overlay-color":"","overlay-opacity":"","overlay-gradient":""},"tablet":{"background-color":"","background-image":"","background-repeat":"repeat","background-position":"center center","background-size":"auto","background-attachment":"scroll","background-type":"","background-media":"","overlay-type":"","overlay-color":"","overlay-opacity":"","overlay-gradient":""},"mobile":{"background-color":"","background-image":"","background-repeat":"repeat","background-position":"center center","background-size":"auto","background-attachment":"scroll","background-type":"","background-media":"","overlay-type":"","overlay-color":"","overlay-opacity":"","overlay-gradient":""}},"ast-content-background-meta":{"desktop":{"background-color":"var(--ast-global-color-5)","background-image":"","background-repeat":"repeat","background-position":"center center","background-size":"auto","background-attachment":"scroll","background-type":"","background-media":"","overlay-type":"","overlay-color":"","overlay-opacity":"","overlay-gradient":""},"tablet":{"background-color":"var(--ast-global-color-5)","background-image":"","background-repeat":"repeat","background-position":"center center","background-size":"auto","background-attachment":"scroll","background-type":"","background-media":"","overlay-type":"","overlay-color":"","overlay-opacity":"","overlay-gradient":""},"mobile":{"background-color":"var(--ast-global-color-5)","background-image":"","background-repeat":"repeat","background-position":"center center","background-size":"auto","background-attachment":"scroll","background-type":"","background-media":"","overlay-type":"","overlay-color":"","overlay-opacity":"","overlay-gradient":""}},"footnotes":""},"class_list":["post-3998","page","type-page","status-publish","hentry"],"yoast_head":"<!-- This site is optimized with the Yoast SEO plugin v27.3 - https:\/\/yoast.com\/product\/yoast-seo-wordpress\/ -->\n<title>AGB&#039;S - IMAGE PRODUCT<\/title>\n<meta name=\"robots\" content=\"index, follow, max-snippet:-1, max-image-preview:large, max-video-preview:-1\" \/>\n<link rel=\"canonical\" href=\"https:\/\/www.imageproduct.com\/english\/agbs\/\" \/>\n<meta property=\"og:locale\" content=\"en_GB\" \/>\n<meta property=\"og:type\" content=\"article\" \/>\n<meta property=\"og:title\" content=\"AGB&#039;S - IMAGE PRODUCT\" \/>\n<meta property=\"og:description\" content=\"AGB&#8217;S Unsere AGB gelten f\u00fcr alle schriftlichen, telefonischen, m\u00fcndlichen und Online-Bestellungen in gleichem Ma\u00dfe und werden mit jeder Bestellung anerkannt. Zahlung Die Ware ist unverz\u00fcglich nach Erhalt zu bezahlen. ImageProduct beh\u00e4lt sich vor, bei Erstbestellungen und in besonderen F\u00e4llen die Ware erst nach Bezahlung zu versenden. ImageProduct akzeptiert Zahlungen per Bank\u00fcberweisung. Eigentumsvorbehalt Alle gelieferten Waren [&hellip;]\" \/>\n<meta property=\"og:url\" content=\"https:\/\/www.imageproduct.com\/english\/agbs\/\" \/>\n<meta property=\"og:site_name\" content=\"IMAGE PRODUCT\" \/>\n<meta property=\"article:modified_time\" content=\"2025-03-05T05:28:16+00:00\" \/>\n<meta name=\"twitter:card\" content=\"summary_large_image\" \/>\n<meta name=\"twitter:label1\" content=\"Estimated reading time\" \/>\n\t<meta name=\"twitter:data1\" content=\"2 minutes\" \/>\n<script type=\"application\/ld+json\" class=\"yoast-schema-graph\">{\"@context\":\"https:\\\/\\\/schema.org\",\"@graph\":[{\"@type\":\"WebPage\",\"@id\":\"https:\\\/\\\/www.imageproduct.com\\\/agbs\\\/\",\"url\":\"https:\\\/\\\/www.imageproduct.com\\\/agbs\\\/\",\"name\":\"AGB'S - IMAGE PRODUCT\",\"isPartOf\":{\"@id\":\"https:\\\/\\\/www.imageproduct.com\\\/english\\\/#website\"},\"datePublished\":\"2025-03-05T05:17:04+00:00\",\"dateModified\":\"2025-03-05T05:28:16+00:00\",\"breadcrumb\":{\"@id\":\"https:\\\/\\\/www.imageproduct.com\\\/agbs\\\/#breadcrumb\"},\"inLanguage\":\"en-GB\",\"potentialAction\":[{\"@type\":\"ReadAction\",\"target\":[\"https:\\\/\\\/www.imageproduct.com\\\/agbs\\\/\"]}]},{\"@type\":\"BreadcrumbList\",\"@id\":\"https:\\\/\\\/www.imageproduct.com\\\/agbs\\\/#breadcrumb\",\"itemListElement\":[{\"@type\":\"ListItem\",\"position\":1,\"name\":\"Startseite\",\"item\":\"https:\\\/\\\/www.imageproduct.com\\\/\"},{\"@type\":\"ListItem\",\"position\":2,\"name\":\"AGB&#8217;S\"}]},{\"@type\":\"WebSite\",\"@id\":\"https:\\\/\\\/www.imageproduct.com\\\/english\\\/#website\",\"url\":\"https:\\\/\\\/www.imageproduct.com\\\/english\\\/\",\"name\":\"IMAGE PRODUCT\",\"description\":\"PROFESSIONELLE ARBEITS- UND VERKAUFSMATERIALIEN F\u00dcR FARB-, STIL- UND IMAGE BERATER\\\/INNEN\",\"publisher\":{\"@id\":\"https:\\\/\\\/www.imageproduct.com\\\/english\\\/#organization\"},\"potentialAction\":[{\"@type\":\"SearchAction\",\"target\":{\"@type\":\"EntryPoint\",\"urlTemplate\":\"https:\\\/\\\/www.imageproduct.com\\\/english\\\/?s={search_term_string}\"},\"query-input\":{\"@type\":\"PropertyValueSpecification\",\"valueRequired\":true,\"valueName\":\"search_term_string\"}}],\"inLanguage\":\"en-GB\"},{\"@type\":\"Organization\",\"@id\":\"https:\\\/\\\/www.imageproduct.com\\\/english\\\/#organization\",\"name\":\"IMAGE PRODUCT\",\"url\":\"https:\\\/\\\/www.imageproduct.com\\\/english\\\/\",\"logo\":{\"@type\":\"ImageObject\",\"inLanguage\":\"en-GB\",\"@id\":\"https:\\\/\\\/www.imageproduct.com\\\/english\\\/#\\\/schema\\\/logo\\\/image\\\/\",\"url\":\"https:\\\/\\\/www.imageproduct.com\\\/wp-content\\\/uploads\\\/2025\\\/03\\\/cropped-ip_logo_274x100-1.png\",\"contentUrl\":\"https:\\\/\\\/www.imageproduct.com\\\/wp-content\\\/uploads\\\/2025\\\/03\\\/cropped-ip_logo_274x100-1.png\",\"width\":274,\"height\":100,\"caption\":\"IMAGE PRODUCT\"},\"image\":{\"@id\":\"https:\\\/\\\/www.imageproduct.com\\\/english\\\/#\\\/schema\\\/logo\\\/image\\\/\"}}]}<\/script>\n<!-- \/ Yoast SEO plugin. -->","yoast_head_json":{"title":"AGB'S - IMAGE PRODUCT","robots":{"index":"index","follow":"follow","max-snippet":"max-snippet:-1","max-image-preview":"max-image-preview:large","max-video-preview":"max-video-preview:-1"},"canonical":"https:\/\/www.imageproduct.com\/english\/agbs\/","og_locale":"en_GB","og_type":"article","og_title":"AGB'S - IMAGE PRODUCT","og_description":"AGB&#8217;S Unsere AGB gelten f\u00fcr alle schriftlichen, telefonischen, m\u00fcndlichen und Online-Bestellungen in gleichem Ma\u00dfe und werden mit jeder Bestellung anerkannt. Zahlung Die Ware ist unverz\u00fcglich nach Erhalt zu bezahlen. ImageProduct beh\u00e4lt sich vor, bei Erstbestellungen und in besonderen F\u00e4llen die Ware erst nach Bezahlung zu versenden. ImageProduct akzeptiert Zahlungen per Bank\u00fcberweisung. Eigentumsvorbehalt Alle gelieferten Waren [&hellip;]","og_url":"https:\/\/www.imageproduct.com\/english\/agbs\/","og_site_name":"IMAGE PRODUCT","article_modified_time":"2025-03-05T05:28:16+00:00","twitter_card":"summary_large_image","twitter_misc":{"Estimated reading time":"2 minutes"},"schema":{"@context":"https:\/\/schema.org","@graph":[{"@type":"WebPage","@id":"https:\/\/www.imageproduct.com\/agbs\/","url":"https:\/\/www.imageproduct.com\/agbs\/","name":"AGB'S - IMAGE PRODUCT","isPartOf":{"@id":"https:\/\/www.imageproduct.com\/english\/#website"},"datePublished":"2025-03-05T05:17:04+00:00","dateModified":"2025-03-05T05:28:16+00:00","breadcrumb":{"@id":"https:\/\/www.imageproduct.com\/agbs\/#breadcrumb"},"inLanguage":"en-GB","potentialAction":[{"@type":"ReadAction","target":["https:\/\/www.imageproduct.com\/agbs\/"]}]},{"@type":"BreadcrumbList","@id":"https:\/\/www.imageproduct.com\/agbs\/#breadcrumb","itemListElement":[{"@type":"ListItem","position":1,"name":"Startseite","item":"https:\/\/www.imageproduct.com\/"},{"@type":"ListItem","position":2,"name":"AGB&#8217;S"}]},{"@type":"WebSite","@id":"https:\/\/www.imageproduct.com\/english\/#website","url":"https:\/\/www.imageproduct.com\/english\/","name":"IMAGE PRODUCT","description":"PROFESSIONELLE ARBEITS- UND VERKAUFSMATERIALIEN F\u00dcR FARB-, STIL- UND IMAGE BERATER\/INNEN","publisher":{"@id":"https:\/\/www.imageproduct.com\/english\/#organization"},"potentialAction":[{"@type":"SearchAction","target":{"@type":"EntryPoint","urlTemplate":"https:\/\/www.imageproduct.com\/english\/?s={search_term_string}"},"query-input":{"@type":"PropertyValueSpecification","valueRequired":true,"valueName":"search_term_string"}}],"inLanguage":"en-GB"},{"@type":"Organization","@id":"https:\/\/www.imageproduct.com\/english\/#organization","name":"IMAGE PRODUCT","url":"https:\/\/www.imageproduct.com\/english\/","logo":{"@type":"ImageObject","inLanguage":"en-GB","@id":"https:\/\/www.imageproduct.com\/english\/#\/schema\/logo\/image\/","url":"https:\/\/www.imageproduct.com\/wp-content\/uploads\/2025\/03\/cropped-ip_logo_274x100-1.png","contentUrl":"https:\/\/www.imageproduct.com\/wp-content\/uploads\/2025\/03\/cropped-ip_logo_274x100-1.png","width":274,"height":100,"caption":"IMAGE PRODUCT"},"image":{"@id":"https:\/\/www.imageproduct.com\/english\/#\/schema\/logo\/image\/"}}]}},"_links":{"self":[{"href":"https:\/\/www.imageproduct.com\/english\/wp-json\/wp\/v2\/pages\/3998","targetHints":{"allow":["GET"]}}],"collection":[{"href":"https:\/\/www.imageproduct.com\/english\/wp-json\/wp\/v2\/pages"}],"about":[{"href":"https:\/\/www.imageproduct.com\/english\/wp-json\/wp\/v2\/types\/page"}],"author":[{"embeddable":true,"href":"https:\/\/www.imageproduct.com\/english\/wp-json\/wp\/v2\/users\/2"}],"replies":[{"embeddable":true,"href":"https:\/\/www.imageproduct.com\/english\/wp-json\/wp\/v2\/comments?post=3998"}],"version-history":[{"count":0,"href":"https:\/\/www.imageproduct.com\/english\/wp-json\/wp\/v2\/pages\/3998\/revisions"}],"wp:attachment":[{"href":"https:\/\/www.imageproduct.com\/english\/wp-json\/wp\/v2\/media?parent=3998"}],"curies":[{"name":"wp","href":"https:\/\/api.w.org\/{rel}","templated":true}]}}